{"id":6989,"date":"2022-02-04T11:12:12","date_gmt":"2022-02-04T11:12:12","guid":{"rendered":"https:\/\/demodacai.es\/ldg\/?page_id=6989"},"modified":"2025-03-27T20:02:48","modified_gmt":"2025-03-27T20:02:48","slug":"ejecutados-servicios-obra-civil","status":"publish","type":"page","link":"https:\/\/ldgconstruccion.com\/en\/ejecutados-servicios-obra-civil\/","title":{"rendered":"ejecutados servicios obra civil"},"content":{"rendered":"<p>[et_pb_section fb_built=\u00bb1&#8243; admin_label=\u00bbRelated Services\u00bb module_id=\u00bbproyectos\u00bb _builder_version=\u00bb4.14.4&#8243; background_color=\u00bb#f7f7f7&#8243; custom_margin=\u00bb120px||||false|false\u00bb custom_padding=\u00bb20px|||||\u00bb locked=\u00bboff\u00bb global_colors_info=\u00bb{}\u00bb][et_pb_row _builder_version=\u00bb4.11.4&#8243; _module_preset=\u00bbdefault\u00bb width=\u00bb100%\u00bb max_width=\u00bb90%\u00bb global_colors_info=\u00bb{}\u00bb][et_pb_column type=\u00bb4_4&#8243; _builder_version=\u00bb4.11.4&#8243; _module_preset=\u00bbdefault\u00bb global_colors_info=\u00bb{}\u00bb][et_pb_text _builder_version=\u00bb4.14.4&#8243; text_font=\u00bb||||||||\u00bb header_font=\u00bbRubik|700|||||||\u00bb header_font_size=\u00bb64px\u00bb header_line_height=\u00bb1.1em\u00bb header_3_font=\u00bbRubik|700|||||||\u00bb header_3_text_color=\u00bb#095960&#8243; header_3_font_size=\u00bb28px\u00bb background_layout=\u00bbdark\u00bb max_width=\u00bb800px\u00bb custom_margin=\u00bb||0px|\u00bb custom_padding=\u00bb|||16px\u00bb text_font_size_tablet=\u00bb14px\u00bb text_font_size_last_edited=\u00bboff|desktop\u00bb header_font_size_tablet=\u00bb44px\u00bb header_font_size_phone=\u00bb32px\u00bb header_font_size_last_edited=\u00bbon|phone\u00bb border_color_all=\u00bb#ffb400&#8243; border_width_left=\u00bb6px\u00bb border_color_left=\u00bb#095960&#8243; global_colors_info=\u00bb{}\u00bb]<\/p>\n<h3>Ejecutados<\/h3>\n<p>[\/et_pb_text][\/et_pb_column][\/et_pb_row][et_pb_row column_structure=\u00bb1_3,1_3,1_3&#8243; use_custom_gutter=\u00bbon\u00bb _builder_version=\u00bb4.14.4&#8243; width=\u00bb100%\u00bb max_width=\u00bb90%\u00bb custom_margin=\u00bb|||\u00bb hover_enabled=\u00bb0&#8243; global_colors_info=\u00bb{}\u00bb sticky_enabled=\u00bb0&#8243;][et_pb_column type=\u00bb1_3&#8243; _builder_version=\u00bb3.25&#8243; custom_padding=\u00bb|||\u00bb global_colors_info=\u00bb{}\u00bb custom_padding__hover=\u00bb|||\u00bb][et_pb_image src=\u00bbhttps:\/\/ldgconstruccion.com\/wp-content\/uploads\/2023\/02\/Rotonda-Cheste-LDG-1.jpg\u00bb alt=\u00bbRotonda-Cheste-LDG-1&#8243; title_text=\u00bbRotonda-Cheste-LDG-1&#8243; show_in_lightbox=\u00bbon\u00bb force_fullwidth=\u00bbon\u00bb align_tablet=\u00bbcenter\u00bb align_phone=\u00bbcenter\u00bb align_last_edited=\u00bbon|desktop\u00bb _builder_version=\u00bb4.14.4&#8243; custom_margin=\u00bb||30px|\u00bb box_shadow_style=\u00bbpreset3&#8243; box_shadow_vertical=\u00bb30px\u00bb box_shadow_blur=\u00bb65px\u00bb box_shadow_spread=\u00bb-30px\u00bb box_shadow_color=\u00bbrgba(0,0,0,0.35)\u00bb global_colors_info=\u00bb{}\u00bb][\/et_pb_image][et_pb_text _builder_version=\u00bb4.14.4&#8243; _module_preset=\u00bbdefault\u00bb global_colors_info=\u00bb{}\u00bb]Ejecuci\u00f3n de rotonda para el Ayuntamiento de Cheste Pino Blay.[\/et_pb_text][\/et_pb_column][et_pb_column type=\u00bb1_3&#8243; _builder_version=\u00bb3.25&#8243; custom_padding=\u00bb|||\u00bb global_colors_info=\u00bb{}\u00bb custom_padding__hover=\u00bb|||\u00bb][et_pb_image src=\u00bbhttps:\/\/ldgconstruccion.com\/wp-content\/uploads\/2022\/03\/paiporta.jpg\u00bb alt=\u00bbpaiporta\u00bb title_text=\u00bbpaiporta\u00bb show_in_lightbox=\u00bbon\u00bb force_fullwidth=\u00bbon\u00bb align_tablet=\u00bbcenter\u00bb align_phone=\u00bbcenter\u00bb align_last_edited=\u00bbon|desktop\u00bb _builder_version=\u00bb4.14.4&#8243; custom_margin=\u00bb||30px|\u00bb box_shadow_style=\u00bbpreset3&#8243; box_shadow_vertical=\u00bb30px\u00bb box_shadow_blur=\u00bb65px\u00bb box_shadow_spread=\u00bb-30px\u00bb box_shadow_color=\u00bbrgba(0,0,0,0.35)\u00bb global_colors_info=\u00bb{}\u00bb][\/et_pb_image][et_pb_text _builder_version=\u00bb4.14.4&#8243; _module_preset=\u00bbdefault\u00bb global_colors_info=\u00bb{}\u00bb]PAIPORTA[\/et_pb_text][\/et_pb_column][et_pb_column _builder_version=\u00bb4.14.4&#8243; _module_preset=\u00bbdefault\u00bb type=\u00bb1_3&#8243;][et_pb_image src=\u00bbhttps:\/\/ldgconstruccion.com\/wp-content\/uploads\/2022\/03\/xeraco.jpg\u00bb alt=\u00bbxeraco\u00bb title_text=\u00bbxeraco\u00bb show_in_lightbox=\u00bbon\u00bb force_fullwidth=\u00bbon\u00bb align_tablet=\u00bbcenter\u00bb align_phone=\u00bbcenter\u00bb align_last_edited=\u00bbon|desktop\u00bb _builder_version=\u00bb4.14.4&#8243; custom_margin=\u00bb||30px|\u00bb box_shadow_style=\u00bbpreset3&#8243; box_shadow_vertical=\u00bb30px\u00bb box_shadow_blur=\u00bb65px\u00bb box_shadow_spread=\u00bb-30px\u00bb box_shadow_color=\u00bbrgba(0,0,0,0.35)\u00bb global_colors_info=\u00bb{}\u00bb][\/et_pb_image][et_pb_text _builder_version=\u00bb4.14.4&#8243; _module_preset=\u00bbdefault\u00bb global_colors_info=\u00bb{}\u00bb]XERACO[\/et_pb_text][\/et_pb_column][\/et_pb_row][et_pb_row column_structure=\u00bb1_3,1_3,1_3&#8243; use_custom_gutter=\u00bbon\u00bb _builder_version=\u00bb4.11.4&#8243; width=\u00bb100%\u00bb max_width=\u00bb90%\u00bb custom_margin=\u00bb|||\u00bb global_colors_info=\u00bb{}\u00bb][et_pb_column type=\u00bb1_3&#8243; _builder_version=\u00bb3.25&#8243; custom_padding=\u00bb|||\u00bb global_colors_info=\u00bb{}\u00bb custom_padding__hover=\u00bb|||\u00bb][et_pb_image src=\u00bbhttps:\/\/ldgconstruccion.com\/wp-content\/uploads\/2021\/12\/ROTONDA-AYUNTAMIENTO.jpg\u00bb alt=\u00bbObra P\u00fablica\u00bb title_text=\u00bbObra P\u00fablica\u00bb show_in_lightbox=\u00bbon\u00bb force_fullwidth=\u00bbon\u00bb align_tablet=\u00bbcenter\u00bb align_phone=\u00bbcenter\u00bb align_last_edited=\u00bbon|desktop\u00bb _builder_version=\u00bb4.11.4&#8243; custom_margin=\u00bb||30px|\u00bb box_shadow_style=\u00bbpreset3&#8243; box_shadow_vertical=\u00bb30px\u00bb box_shadow_blur=\u00bb65px\u00bb box_shadow_spread=\u00bb-30px\u00bb box_shadow_color=\u00bbrgba(0,0,0,0.35)\u00bb global_colors_info=\u00bb{}\u00bb][\/et_pb_image][et_pb_text _builder_version=\u00bb4.14.4&#8243; _module_preset=\u00bbdefault\u00bb global_colors_info=\u00bb{}\u00bb]Ejecuci\u00f3n de Rotonda para el Ayuntamiento Benicull de X\u00faquer[\/et_pb_text][\/et_pb_column][et_pb_column type=\u00bb1_3&#8243; _builder_version=\u00bb3.25&#8243; custom_padding=\u00bb|||\u00bb global_colors_info=\u00bb{}\u00bb custom_padding__hover=\u00bb|||\u00bb][et_pb_image src=\u00bbhttps:\/\/ldgconstruccion.com\/wp-content\/uploads\/2021\/12\/construccion-obra-civil-valencia-1-1030&#215;579-1.jpg\u00bb alt=\u00bbObra P\u00fablica\u00bb title_text=\u00bbObra P\u00fablica\u00bb show_in_lightbox=\u00bbon\u00bb force_fullwidth=\u00bbon\u00bb align_tablet=\u00bbcenter\u00bb align_phone=\u00bbcenter\u00bb align_last_edited=\u00bbon|desktop\u00bb _builder_version=\u00bb4.11.4&#8243; custom_margin=\u00bb||30px|\u00bb box_shadow_style=\u00bbpreset3&#8243; box_shadow_vertical=\u00bb30px\u00bb box_shadow_blur=\u00bb65px\u00bb box_shadow_spread=\u00bb-30px\u00bb box_shadow_color=\u00bbrgba(0,0,0,0.35)\u00bb global_colors_info=\u00bb{}\u00bb][\/et_pb_image][et_pb_text _builder_version=\u00bb4.11.4&#8243; _module_preset=\u00bbdefault\u00bb global_colors_info=\u00bb{}\u00bb]PAI URBANIZACI\u00d3N INDUSTRIAL \u2013 CHESTE[\/et_pb_text][\/et_pb_column][et_pb_column type=\u00bb1_3&#8243; _builder_version=\u00bb3.25&#8243; custom_padding=\u00bb|||\u00bb global_colors_info=\u00bb{}\u00bb custom_padding__hover=\u00bb|||\u00bb][et_pb_image src=\u00bbhttps:\/\/ldgconstruccion.com\/wp-content\/uploads\/2021\/12\/construccion-obra-civil-valencia-6-1030&#215;579-1.jpg\u00bb alt=\u00bbObra P\u00fablica\u00bb title_text=\u00bbObra P\u00fablica\u00bb show_in_lightbox=\u00bbon\u00bb force_fullwidth=\u00bbon\u00bb align_tablet=\u00bbcenter\u00bb align_phone=\u00bbcenter\u00bb align_last_edited=\u00bbon|desktop\u00bb _builder_version=\u00bb4.11.4&#8243; custom_margin=\u00bb||30px|\u00bb box_shadow_style=\u00bbpreset3&#8243; box_shadow_vertical=\u00bb30px\u00bb box_shadow_blur=\u00bb65px\u00bb box_shadow_spread=\u00bb-30px\u00bb box_shadow_color=\u00bbrgba(0,0,0,0.35)\u00bb global_colors_info=\u00bb{}\u00bb][\/et_pb_image][et_pb_text _builder_version=\u00bb4.14.4&#8243; _module_preset=\u00bbdefault\u00bb global_colors_info=\u00bb{}\u00bb]VIALES LORIGUILLA[\/et_pb_text][\/et_pb_column][\/et_pb_row][et_pb_row column_structure=\u00bb1_3,1_3,1_3&#8243; use_custom_gutter=\u00bbon\u00bb _builder_version=\u00bb4.11.4&#8243; width=\u00bb100%\u00bb max_width=\u00bb90%\u00bb custom_margin=\u00bb|||\u00bb global_colors_info=\u00bb{}\u00bb][et_pb_column type=\u00bb1_3&#8243; _builder_version=\u00bb3.25&#8243; custom_padding=\u00bb|||\u00bb global_colors_info=\u00bb{}\u00bb custom_padding__hover=\u00bb|||\u00bb][et_pb_image src=\u00bbhttps:\/\/ldgconstruccion.com\/wp-content\/uploads\/2021\/12\/construccion-obra-civil-valencia-2-1030&#215;579-1.jpg\u00bb alt=\u00bbObra P\u00fablica\u00bb title_text=\u00bbObra P\u00fablica\u00bb show_in_lightbox=\u00bbon\u00bb force_fullwidth=\u00bbon\u00bb align_tablet=\u00bbcenter\u00bb align_phone=\u00bbcenter\u00bb align_last_edited=\u00bbon|desktop\u00bb _builder_version=\u00bb4.11.4&#8243; custom_margin=\u00bb||30px|\u00bb box_shadow_style=\u00bbpreset3&#8243; box_shadow_vertical=\u00bb30px\u00bb box_shadow_blur=\u00bb65px\u00bb box_shadow_spread=\u00bb-30px\u00bb box_shadow_color=\u00bbrgba(0,0,0,0.35)\u00bb global_colors_info=\u00bb{}\u00bb][\/et_pb_image][et_pb_text _builder_version=\u00bb4.11.4&#8243; _module_preset=\u00bbdefault\u00bb global_colors_info=\u00bb{}\u00bb]PAI UBANIZACI\u00d3N RESIDENCIAL \u2013 CHESTE[\/et_pb_text][\/et_pb_column][et_pb_column type=\u00bb1_3&#8243; _builder_version=\u00bb3.25&#8243; custom_padding=\u00bb|||\u00bb global_colors_info=\u00bb{}\u00bb custom_padding__hover=\u00bb|||\u00bb][et_pb_image src=\u00bbhttps:\/\/ldgconstruccion.com\/wp-content\/uploads\/2021\/12\/viales-1030&#215;579-1.jpg\u00bb alt=\u00bbObra P\u00fablica\u00bb title_text=\u00bbObra P\u00fablica\u00bb show_in_lightbox=\u00bbon\u00bb force_fullwidth=\u00bbon\u00bb align_tablet=\u00bbcenter\u00bb align_phone=\u00bbcenter\u00bb align_last_edited=\u00bbon|desktop\u00bb _builder_version=\u00bb4.11.4&#8243; custom_margin=\u00bb||30px|\u00bb box_shadow_style=\u00bbpreset3&#8243; box_shadow_vertical=\u00bb30px\u00bb box_shadow_blur=\u00bb65px\u00bb box_shadow_spread=\u00bb-30px\u00bb box_shadow_color=\u00bbrgba(0,0,0,0.35)\u00bb global_colors_info=\u00bb{}\u00bb][\/et_pb_image][et_pb_text _builder_version=\u00bb4.11.4&#8243; _module_preset=\u00bbdefault\u00bb global_colors_info=\u00bb{}\u00bb]VIALES RIBARROJA[\/et_pb_text][\/et_pb_column][et_pb_column type=\u00bb1_3&#8243; _builder_version=\u00bb3.25&#8243; custom_padding=\u00bb|||\u00bb global_colors_info=\u00bb{}\u00bb custom_padding__hover=\u00bb|||\u00bb][et_pb_image src=\u00bbhttps:\/\/ldgconstruccion.com\/wp-content\/uploads\/2021\/12\/construccion-obra-civil-valencia-5-1030&#215;579-1.jpg\u00bb alt=\u00bbObra P\u00fablica\u00bb title_text=\u00bbObra P\u00fablica\u00bb show_in_lightbox=\u00bbon\u00bb force_fullwidth=\u00bbon\u00bb align_tablet=\u00bbcenter\u00bb align_phone=\u00bbcenter\u00bb align_last_edited=\u00bbon|desktop\u00bb _builder_version=\u00bb4.11.4&#8243; custom_margin=\u00bb||30px|\u00bb box_shadow_style=\u00bbpreset3&#8243; box_shadow_vertical=\u00bb30px\u00bb box_shadow_blur=\u00bb65px\u00bb box_shadow_spread=\u00bb-30px\u00bb box_shadow_color=\u00bbrgba(0,0,0,0.35)\u00bb global_colors_info=\u00bb{}\u00bb][\/et_pb_image][et_pb_text _builder_version=\u00bb4.11.4&#8243; _module_preset=\u00bbdefault\u00bb global_colors_info=\u00bb{}\u00bb]VIALES CHESTE[\/et_pb_text][\/et_pb_column][\/et_pb_row][et_pb_row column_structure=\u00bb1_3,1_3,1_3&#8243; use_custom_gutter=\u00bbon\u00bb _builder_version=\u00bb4.11.4&#8243; width=\u00bb100%\u00bb max_width=\u00bb90%\u00bb custom_margin=\u00bb|||\u00bb locked=\u00bboff\u00bb global_colors_info=\u00bb{}\u00bb][et_pb_column type=\u00bb1_3&#8243; _builder_version=\u00bb3.25&#8243; custom_padding=\u00bb|||\u00bb global_colors_info=\u00bb{}\u00bb custom_padding__hover=\u00bb|||\u00bb][et_pb_image src=\u00bbhttps:\/\/ldgconstruccion.com\/wp-content\/uploads\/2022\/03\/Nave-industrial-1-1.jpg\u00bb alt=\u00bbNave-industrial-1&#8243; title_text=\u00bbNave-industrial-1&#8243; show_in_lightbox=\u00bbon\u00bb force_fullwidth=\u00bbon\u00bb align_tablet=\u00bbcenter\u00bb align_phone=\u00bbcenter\u00bb align_last_edited=\u00bbon|desktop\u00bb _builder_version=\u00bb4.14.4&#8243; custom_margin=\u00bb||30px|\u00bb box_shadow_style=\u00bbpreset3&#8243; box_shadow_vertical=\u00bb30px\u00bb box_shadow_blur=\u00bb65px\u00bb box_shadow_spread=\u00bb-30px\u00bb box_shadow_color=\u00bbrgba(0,0,0,0.35)\u00bb global_colors_info=\u00bb{}\u00bb][\/et_pb_image][et_pb_text _builder_version=\u00bb4.14.4&#8243; _module_preset=\u00bbdefault\u00bb global_colors_info=\u00bb{}\u00bb]URBANIZACI\u00d3N MISLATA[\/et_pb_text][\/et_pb_column][et_pb_column type=\u00bb1_3&#8243; _builder_version=\u00bb3.25&#8243; custom_padding=\u00bb|||\u00bb global_colors_info=\u00bb{}\u00bb custom_padding__hover=\u00bb|||\u00bb][et_pb_image src=\u00bbhttps:\/\/ldgconstruccion.com\/wp-content\/uploads\/2021\/12\/construccion-obra-civil-valencia-3-1030&#215;579-1.jpg\u00bb alt=\u00bbObra P\u00fablica\u00bb title_text=\u00bbObra P\u00fablica\u00bb show_in_lightbox=\u00bbon\u00bb force_fullwidth=\u00bbon\u00bb align_tablet=\u00bbcenter\u00bb align_phone=\u00bbcenter\u00bb align_last_edited=\u00bbon|desktop\u00bb _builder_version=\u00bb4.11.4&#8243; custom_margin=\u00bb||30px|\u00bb box_shadow_style=\u00bbpreset3&#8243; box_shadow_vertical=\u00bb30px\u00bb box_shadow_blur=\u00bb65px\u00bb box_shadow_spread=\u00bb-30px\u00bb box_shadow_color=\u00bbrgba(0,0,0,0.35)\u00bb global_colors_info=\u00bb{}\u00bb][\/et_pb_image][et_pb_text _builder_version=\u00bb4.11.4&#8243; _module_preset=\u00bbdefault\u00bb global_colors_info=\u00bb{}\u00bb]PAI URBANIZACI\u00d3N RESIDENCIAL CHESTE[\/et_pb_text][\/et_pb_column][et_pb_column type=\u00bb1_3&#8243; _builder_version=\u00bb3.25&#8243; custom_padding=\u00bb|||\u00bb global_colors_info=\u00bb{}\u00bb custom_padding__hover=\u00bb|||\u00bb][et_pb_image src=\u00bbhttps:\/\/ldgconstruccion.com\/wp-content\/uploads\/2021\/12\/construccion-obra-civil-valencia-4.jpg\u00bb alt=\u00bbObra P\u00fablica\u00bb title_text=\u00bbObra P\u00fablica\u00bb show_in_lightbox=\u00bbon\u00bb force_fullwidth=\u00bbon\u00bb align_tablet=\u00bbcenter\u00bb align_phone=\u00bbcenter\u00bb align_last_edited=\u00bbon|desktop\u00bb _builder_version=\u00bb4.11.4&#8243; custom_margin=\u00bb||30px|\u00bb box_shadow_style=\u00bbpreset3&#8243; box_shadow_vertical=\u00bb30px\u00bb box_shadow_blur=\u00bb65px\u00bb box_shadow_spread=\u00bb-30px\u00bb box_shadow_color=\u00bbrgba(0,0,0,0.35)\u00bb global_colors_info=\u00bb{}\u00bb][\/et_pb_image][et_pb_text _builder_version=\u00bb4.11.4&#8243; _module_preset=\u00bbdefault\u00bb global_colors_info=\u00bb{}\u00bb]CANALIZACI\u00d3N SP[\/et_pb_text][\/et_pb_column][\/et_pb_row][et_pb_row column_structure=\u00bb1_3,1_3,1_3&#8243; use_custom_gutter=\u00bbon\u00bb _builder_version=\u00bb4.11.4&#8243; width=\u00bb100%\u00bb max_width=\u00bb90%\u00bb custom_margin=\u00bb|||\u00bb locked=\u00bboff\u00bb global_colors_info=\u00bb{}\u00bb][et_pb_column type=\u00bb1_3&#8243; _builder_version=\u00bb3.25&#8243; custom_padding=\u00bb|||\u00bb global_colors_info=\u00bb{}\u00bb custom_padding__hover=\u00bb|||\u00bb][et_pb_image src=\u00bbhttps:\/\/ldgconstruccion.com\/wp-content\/uploads\/2022\/03\/EL-PUIG.png\u00bb alt=\u00bbEL-PUIG\u00bb title_text=\u00bbEL-PUIG\u00bb show_in_lightbox=\u00bbon\u00bb force_fullwidth=\u00bbon\u00bb align_tablet=\u00bbcenter\u00bb align_phone=\u00bbcenter\u00bb align_last_edited=\u00bbon|desktop\u00bb _builder_version=\u00bb4.14.4&#8243; custom_margin=\u00bb||30px|\u00bb box_shadow_style=\u00bbpreset3&#8243; box_shadow_vertical=\u00bb30px\u00bb box_shadow_blur=\u00bb65px\u00bb box_shadow_spread=\u00bb-30px\u00bb box_shadow_color=\u00bbrgba(0,0,0,0.35)\u00bb global_colors_info=\u00bb{}\u00bb][\/et_pb_image][et_pb_text _builder_version=\u00bb4.14.4&#8243; _module_preset=\u00bbdefault\u00bb global_colors_info=\u00bb{}\u00bb]PROYECTO MEJORA EL PUIG[\/et_pb_text][\/et_pb_column][et_pb_column type=\u00bb1_3&#8243; _builder_version=\u00bb3.25&#8243; custom_padding=\u00bb|||\u00bb global_colors_info=\u00bb{}\u00bb custom_padding__hover=\u00bb|||\u00bb][\/et_pb_column][et_pb_column type=\u00bb1_3&#8243; _builder_version=\u00bb3.25&#8243; custom_padding=\u00bb|||\u00bb global_colors_info=\u00bb{}\u00bb custom_padding__hover=\u00bb|||\u00bb][\/et_pb_column][\/et_pb_row][et_pb_row column_structure=\u00bb1_3,1_3,1_3&#8243; _builder_version=\u00bb4.14.4&#8243; _module_preset=\u00bbdefault\u00bb width=\u00bb90%\u00bb max_width=\u00bb90%\u00bb global_colors_info=\u00bb{}\u00bb][et_pb_column type=\u00bb1_3&#8243; _builder_version=\u00bb4.14.4&#8243; _module_preset=\u00bbdefault\u00bb global_colors_info=\u00bb{}\u00bb][et_pb_button button_url=\u00bbhttps:\/\/ldgconstruccion.com\/servicios-obra-civil\/\u00bb button_text=\u00bbVolver\u00bb _builder_version=\u00bb4.14.4&#8243; custom_button=\u00bbon\u00bb button_text_size=\u00bb14px\u00bb button_text_color=\u00bb#FFFFFF\u00bb button_bg_color=\u00bb#095960&#8243; button_border_width=\u00bb0px\u00bb button_border_radius=\u00bb0px\u00bb button_letter_spacing=\u00bb4px\u00bb button_font=\u00bbRubik|700||on|||||\u00bb button_icon=\u00bb&#x23;||divi||400&#8243; button_icon_color=\u00bb#FFFFFF\u00bb button_icon_placement=\u00bbleft\u00bb custom_margin=\u00bb|||\u00bb custom_padding=\u00bb12px|30px|12px|30px|true|true\u00bb button_text_color_hover=\u00bb#ffffff\u00bb button_border_color_hover=\u00bb#2a2a2a\u00bb button_bg_color_hover=\u00bb#2a2a2a\u00bb locked=\u00bboff\u00bb global_colors_info=\u00bb{}\u00bb button_text_size__hover_enabled=\u00bboff\u00bb button_one_text_size__hover_enabled=\u00bboff\u00bb button_two_text_size__hover_enabled=\u00bboff\u00bb button_text_color__hover_enabled=\u00bbon|hover\u00bb button_text_color__hover=\u00bb#FFFFFF\u00bb button_one_text_color__hover_enabled=\u00bboff\u00bb button_two_text_color__hover_enabled=\u00bboff\u00bb button_border_width__hover_enabled=\u00bboff\u00bb button_one_border_width__hover_enabled=\u00bboff\u00bb button_two_border_width__hover_enabled=\u00bboff\u00bb button_border_color__hover_enabled=\u00bbon|desktop\u00bb button_border_color__hover=\u00bb#2a2a2a\u00bb button_one_border_color__hover_enabled=\u00bboff\u00bb button_two_border_color__hover_enabled=\u00bboff\u00bb button_border_radius__hover_enabled=\u00bboff\u00bb button_one_border_radius__hover_enabled=\u00bboff\u00bb button_two_border_radius__hover_enabled=\u00bboff\u00bb button_letter_spacing__hover_enabled=\u00bboff\u00bb button_one_letter_spacing__hover_enabled=\u00bboff\u00bb button_two_letter_spacing__hover_enabled=\u00bboff\u00bb button_bg_color__hover_enabled=\u00bbon|desktop\u00bb button_bg_color__hover=\u00bb#095960&#8243; button_one_bg_color__hover_enabled=\u00bboff\u00bb button_two_bg_color__hover_enabled=\u00bboff\u00bb button_bg_enable_color__hover=\u00bbon\u00bb][\/et_pb_button][\/et_pb_column][et_pb_column type=\u00bb1_3&#8243; _builder_version=\u00bb4.14.4&#8243; _module_preset=\u00bbdefault\u00bb global_colors_info=\u00bb{}\u00bb][\/et_pb_column][et_pb_column type=\u00bb1_3&#8243; _builder_version=\u00bb4.14.4&#8243; _module_preset=\u00bbdefault\u00bb global_colors_info=\u00bb{}\u00bb][\/et_pb_column][\/et_pb_row][\/et_pb_section]<\/p>","protected":false},"excerpt":{"rendered":"<p>EjecutadosEjecuci\u00f3n de rotonda para el Ayuntamiento de Cheste Pino Blay.PAIPORTAXERACOEjecuci\u00f3n de Rotonda para el Ayuntamiento Benicull de X\u00faquerPAI URBANIZACI\u00d3N INDUSTRIAL \u2013 CHESTEVIALES LORIGUILLAPAI UBANIZACI\u00d3N RESIDENCIAL \u2013 CHESTEVIALES RIBARROJAVIALES CHESTEURBANIZACI\u00d3N MISLATAPAI URBANIZACI\u00d3N RESIDENCIAL CHESTECANALIZACI\u00d3N SPPROYECTO MEJORA EL PUIG<\/p>","protected":false},"author":1,"featured_media":0,"parent":0,"menu_order":0,"comment_status":"closed","ping_status":"closed","template":"","meta":{"_et_pb_use_builder":"on","_et_pb_old_content":"","_et_gb_content_width":"","footnotes":""},"class_list":["post-6989","page","type-page","status-publish","hentry"],"yoast_head":"<!-- This site is optimized with the Yoast SEO plugin v24.7 - https:\/\/yoast.com\/wordpress\/plugins\/seo\/ -->\n<title>ejecutados servicios obra civil - LDG Construcci\u00f3n<\/title>\n<meta name=\"robots\" content=\"index, follow, max-snippet:-1, max-image-preview:large, max-video-preview:-1\" \/>\n<link rel=\"canonical\" href=\"https:\/\/ldgconstruccion.com\/en\/ejecutados-servicios-obra-civil\/\" \/>\n<meta property=\"og:locale\" content=\"en_GB\" \/>\n<meta property=\"og:type\" content=\"article\" \/>\n<meta property=\"og:title\" content=\"ejecutados servicios obra civil - LDG Construcci\u00f3n\" \/>\n<meta property=\"og:description\" content=\"EjecutadosEjecuci\u00f3n de rotonda para el Ayuntamiento de Cheste Pino Blay.PAIPORTAXERACOEjecuci\u00f3n de Rotonda para el Ayuntamiento Benicull de X\u00faquerPAI URBANIZACI\u00d3N INDUSTRIAL \u2013 CHESTEVIALES LORIGUILLAPAI UBANIZACI\u00d3N RESIDENCIAL \u2013 CHESTEVIALES RIBARROJAVIALES CHESTEURBANIZACI\u00d3N MISLATAPAI URBANIZACI\u00d3N RESIDENCIAL CHESTECANALIZACI\u00d3N SPPROYECTO MEJORA EL PUIG\" \/>\n<meta property=\"og:url\" content=\"https:\/\/ldgconstruccion.com\/en\/ejecutados-servicios-obra-civil\/\" \/>\n<meta property=\"og:site_name\" content=\"LDG Construcci\u00f3n\" \/>\n<meta property=\"article:modified_time\" content=\"2025-03-27T20:02:48+00:00\" \/>\n<meta name=\"twitter:card\" content=\"summary_large_image\" \/>\n<meta name=\"twitter:label1\" content=\"Estimated reading time\" \/>\n\t<meta name=\"twitter:data1\" content=\"10 minutes\" \/>\n<script type=\"application\/ld+json\" class=\"yoast-schema-graph\">{\"@context\":\"https:\/\/schema.org\",\"@graph\":[{\"@type\":\"WebPage\",\"@id\":\"https:\/\/ldgconstruccion.com\/ejecutados-servicios-obra-civil\/\",\"url\":\"https:\/\/ldgconstruccion.com\/ejecutados-servicios-obra-civil\/\",\"name\":\"ejecutados servicios obra civil - LDG Construcci\u00f3n\",\"isPartOf\":{\"@id\":\"https:\/\/ldgconstruccion.com\/#website\"},\"datePublished\":\"2022-02-04T11:12:12+00:00\",\"dateModified\":\"2025-03-27T20:02:48+00:00\",\"breadcrumb\":{\"@id\":\"https:\/\/ldgconstruccion.com\/ejecutados-servicios-obra-civil\/#breadcrumb\"},\"inLanguage\":\"en-GB\",\"potentialAction\":[{\"@type\":\"ReadAction\",\"target\":[\"https:\/\/ldgconstruccion.com\/ejecutados-servicios-obra-civil\/\"]}]},{\"@type\":\"BreadcrumbList\",\"@id\":\"https:\/\/ldgconstruccion.com\/ejecutados-servicios-obra-civil\/#breadcrumb\",\"itemListElement\":[{\"@type\":\"ListItem\",\"position\":1,\"name\":\"Portada\",\"item\":\"https:\/\/ldgconstruccion.com\/\"},{\"@type\":\"ListItem\",\"position\":2,\"name\":\"ejecutados servicios obra civil\"}]},{\"@type\":\"WebSite\",\"@id\":\"https:\/\/ldgconstruccion.com\/#website\",\"url\":\"https:\/\/ldgconstruccion.com\/\",\"name\":\"LDG Construcci\u00f3n\",\"description\":\"Industrial - Residencial\",\"potentialAction\":[{\"@type\":\"SearchAction\",\"target\":{\"@type\":\"EntryPoint\",\"urlTemplate\":\"https:\/\/ldgconstruccion.com\/?s={search_term_string}\"},\"query-input\":{\"@type\":\"PropertyValueSpecification\",\"valueRequired\":true,\"valueName\":\"search_term_string\"}}],\"inLanguage\":\"en-GB\"}]}<\/script>\n<!-- \/ Yoast SEO plugin. -->","yoast_head_json":{"title":"ejecutados servicios obra civil - LDG Construcci\u00f3n","robots":{"index":"index","follow":"follow","max-snippet":"max-snippet:-1","max-image-preview":"max-image-preview:large","max-video-preview":"max-video-preview:-1"},"canonical":"https:\/\/ldgconstruccion.com\/en\/ejecutados-servicios-obra-civil\/","og_locale":"en_GB","og_type":"article","og_title":"ejecutados servicios obra civil - LDG Construcci\u00f3n","og_description":"EjecutadosEjecuci\u00f3n de rotonda para el Ayuntamiento de Cheste Pino Blay.PAIPORTAXERACOEjecuci\u00f3n de Rotonda para el Ayuntamiento Benicull de X\u00faquerPAI URBANIZACI\u00d3N INDUSTRIAL \u2013 CHESTEVIALES LORIGUILLAPAI UBANIZACI\u00d3N RESIDENCIAL \u2013 CHESTEVIALES RIBARROJAVIALES CHESTEURBANIZACI\u00d3N MISLATAPAI URBANIZACI\u00d3N RESIDENCIAL CHESTECANALIZACI\u00d3N SPPROYECTO MEJORA EL PUIG","og_url":"https:\/\/ldgconstruccion.com\/en\/ejecutados-servicios-obra-civil\/","og_site_name":"LDG Construcci\u00f3n","article_modified_time":"2025-03-27T20:02:48+00:00","twitter_card":"summary_large_image","twitter_misc":{"Estimated reading time":"10 minutes"},"schema":{"@context":"https:\/\/schema.org","@graph":[{"@type":"WebPage","@id":"https:\/\/ldgconstruccion.com\/ejecutados-servicios-obra-civil\/","url":"https:\/\/ldgconstruccion.com\/ejecutados-servicios-obra-civil\/","name":"ejecutados servicios obra civil - LDG Construcci\u00f3n","isPartOf":{"@id":"https:\/\/ldgconstruccion.com\/#website"},"datePublished":"2022-02-04T11:12:12+00:00","dateModified":"2025-03-27T20:02:48+00:00","breadcrumb":{"@id":"https:\/\/ldgconstruccion.com\/ejecutados-servicios-obra-civil\/#breadcrumb"},"inLanguage":"en-GB","potentialAction":[{"@type":"ReadAction","target":["https:\/\/ldgconstruccion.com\/ejecutados-servicios-obra-civil\/"]}]},{"@type":"BreadcrumbList","@id":"https:\/\/ldgconstruccion.com\/ejecutados-servicios-obra-civil\/#breadcrumb","itemListElement":[{"@type":"ListItem","position":1,"name":"Portada","item":"https:\/\/ldgconstruccion.com\/"},{"@type":"ListItem","position":2,"name":"ejecutados servicios obra civil"}]},{"@type":"WebSite","@id":"https:\/\/ldgconstruccion.com\/#website","url":"https:\/\/ldgconstruccion.com\/","name":"LDG Construcci\u00f3n","description":"Industrial - Residencial","potentialAction":[{"@type":"SearchAction","target":{"@type":"EntryPoint","urlTemplate":"https:\/\/ldgconstruccion.com\/?s={search_term_string}"},"query-input":{"@type":"PropertyValueSpecification","valueRequired":true,"valueName":"search_term_string"}}],"inLanguage":"en-GB"}]}},"_links":{"self":[{"href":"https:\/\/ldgconstruccion.com\/en\/wp-json\/wp\/v2\/pages\/6989"}],"collection":[{"href":"https:\/\/ldgconstruccion.com\/en\/wp-json\/wp\/v2\/pages"}],"about":[{"href":"https:\/\/ldgconstruccion.com\/en\/wp-json\/wp\/v2\/types\/page"}],"author":[{"embeddable":true,"href":"https:\/\/ldgconstruccion.com\/en\/wp-json\/wp\/v2\/users\/1"}],"replies":[{"embeddable":true,"href":"https:\/\/ldgconstruccion.com\/en\/wp-json\/wp\/v2\/comments?post=6989"}],"version-history":[{"count":16,"href":"https:\/\/ldgconstruccion.com\/en\/wp-json\/wp\/v2\/pages\/6989\/revisions"}],"predecessor-version":[{"id":7728,"href":"https:\/\/ldgconstruccion.com\/en\/wp-json\/wp\/v2\/pages\/6989\/revisions\/7728"}],"wp:attachment":[{"href":"https:\/\/ldgconstruccion.com\/en\/wp-json\/wp\/v2\/media?parent=6989"}],"curies":[{"name":"wp","href":"https:\/\/api.w.org\/{rel}","templated":true}]}}