{"id":6376,"date":"2021-12-28T13:23:09","date_gmt":"2021-12-28T13:23:09","guid":{"rendered":"https:\/\/demodacai.es\/ldg\/?page_id=6376"},"modified":"2022-02-11T11:30:47","modified_gmt":"2022-02-11T11:30:47","slug":"servicios-obra-civil","status":"publish","type":"page","link":"https:\/\/ldgconstruccion.com\/en\/services-civil-works\/","title":{"rendered":"Civil Works"},"content":{"rendered":"<p>[et_pb_section fb_built=\u00bb1&#8243; admin_label=\u00bbHero\u00bb _builder_version=\u00bb4.14.4&#8243; use_background_color_gradient=\u00bbon\u00bb background_color_gradient_start=\u00bbrgba(40,40,40,0.79)\u00bb background_color_gradient_end=\u00bbrgba(40,40,40,0.86)\u00bb background_color_gradient_type=\u00bbradial\u00bb background_color_gradient_direction_radial=\u00bbtop left\u00bb background_color_gradient_overlays_image=\u00bbon\u00bb background_image=\u00bbhttps:\/\/ldgconstruccion.com\/wp-content\/uploads\/2022\/02\/construccion-obra-civil-valencia-1-1030&#215;579-1.jpg\u00bb custom_margin=\u00bb||||false\u00bb custom_padding=\u00bb10vw||6vw||false|false\u00bb global_colors_info=\u00bb{}\u00bb][et_pb_row _builder_version=\u00bb4.11.4&#8243; width=\u00bb90%\u00bb global_colors_info=\u00bb{}\u00bb][et_pb_column type=\u00bb4_4&#8243; _builder_version=\u00bb3.25&#8243; custom_padding=\u00bb|||\u00bb global_colors_info=\u00bb{}\u00bb custom_padding__hover=\u00bb|||\u00bb][et_pb_text _builder_version=\u00bb4.11.4&#8243; text_font=\u00bb||||||||\u00bb header_font=\u00bbRubik|700|||||||\u00bb header_font_size=\u00bb64px\u00bb header_line_height=\u00bb1.1em\u00bb background_layout=\u00bbdark\u00bb max_width=\u00bb800px\u00bb custom_margin=\u00bb||0px|\u00bb custom_padding=\u00bb|||16px\u00bb text_font_size_tablet=\u00bb14px\u00bb text_font_size_last_edited=\u00bboff|desktop\u00bb header_font_size_tablet=\u00bb44px\u00bb header_font_size_phone=\u00bb32px\u00bb header_font_size_last_edited=\u00bbon|phone\u00bb border_color_all=\u00bb#ffb400&#8243; border_width_left=\u00bb10px\u00bb border_color_left=\u00bb#095960&#8243; global_colors_info=\u00bb{}\u00bb]<\/p>\n<h1>Civil Works<\/h1>\n<p>[\/et_pb_text][et_pb_text _builder_version=\u00bb4.14.4&#8243; text_font=\u00bb||||||||\u00bb text_font_size=\u00bb18px\u00bb text_line_height=\u00bb1.6em\u00bb header_font=\u00bb||||||||\u00bb background_layout=\u00bbdark\u00bb max_width=\u00bb100%\u00bb custom_margin=\u00bb20px||||false|false\u00bb custom_padding=\u00bb20px||20px||true\u00bb text_font_size_tablet=\u00bb18px\u00bb text_font_size_phone=\u00bb\u00bb text_font_size_last_edited=\u00bbon|phone\u00bb global_colors_info=\u00bb{}\u00bb]<\/p>\n<p> More than 1,000,000 m\u00b2 urbanized. [\/et_pb_text][\/et_pb_column][\/et_pb_row][\/et_pb_section][et_pb_section fb_built=\u00bb1&#8243; _builder_version=\u00bb4.14.4&#8243; _module_preset=\u00bbdefault\u00bb custom_margin=\u00bb40px||40px||true|false\u00bb custom_padding=\u00bb||||true|false\u00bb locked=\u00bboff\u00bb global_colors_info=\u00bb{}\u00bb][et_pb_row column_structure=\u00bb1_2,1_2&#8243; use_custom_gutter=\u00bbon\u00bb gutter_width=\u00bb2&#8243; _builder_version=\u00bb4.11.4&#8243; _module_preset=\u00bbdefault\u00bb vertical_offset_tablet=\u00bb0&#8243; horizontal_offset_tablet=\u00bb0&#8243; width=\u00bb90%\u00bb width_last_edited=\u00bboff|tablet\u00bb max_width=\u00bb90%\u00bb max_width_tablet=\u00bb450px\u00bb max_width_phone=\u00bb\u00bb max_width_last_edited=\u00bbon|tablet\u00bb custom_padding=\u00bb||0px|||\u00bb z_index_tablet=\u00bb0&#8243; box_shadow_horizontal_tablet=\u00bb0px\u00bb box_shadow_vertical_tablet=\u00bb0px\u00bb box_shadow_blur_tablet=\u00bb40px\u00bb box_shadow_spread_tablet=\u00bb0px\u00bb global_colors_info=\u00bb{}\u00bb][et_pb_column type=\u00bb1_2&#8243; module_class=\u00bbet-overlay-container\u00bb _builder_version=\u00bb4.6.1&#8243; _module_preset=\u00bbdefault\u00bb overflow-x=\u00bbhidden\u00bb overflow-y=\u00bbhidden\u00bb global_colors_info=\u00bb{}\u00bb][et_pb_image src=\u00bbhttps:\/\/ldgconstruccion.com\/wp-content\/uploads\/2022\/01\/construccion-obra-civil-valencia-1-1030&#215;579-1.jpg\u00bb alt=\u00bbconstruccion-obra-civil-valencia-1-1030&#215;579-1&#8243; title_text=\u00bbconstruccion-obra-civil-valencia-1-1030&#215;579-1&#8243; url=\u00bbhttps:\/\/ldgconstruccion.com\/ejecutados-servicios-obra-civil\/\u00bb admin_label=\u00bbIMAGEN COLOR\u00bb module_class=\u00bbet-overlay-image\u00bb _builder_version=\u00bb4.14.4&#8243; _module_preset=\u00bbdefault\u00bb vertical_offset_tablet=\u00bb0&#8243; horizontal_offset_tablet=\u00bb0&#8243; overflow-x=\u00bbhidden\u00bb overflow-y=\u00bbhidden\u00bb custom_margin=\u00bb||0px||false|false\u00bb z_index_tablet=\u00bb0&#8243; box_shadow_style=\u00bbpreset3&#8243; box_shadow_horizontal_tablet=\u00bb0px\u00bb box_shadow_vertical_tablet=\u00bb0px\u00bb box_shadow_blur_tablet=\u00bb40px\u00bb box_shadow_spread_tablet=\u00bb0px\u00bb global_colors_info=\u00bb{}\u00bb][\/et_pb_image][et_pb_divider show_divider=\u00bboff\u00bb admin_label=\u00bbIMAGEN COLOR\u00bb module_class=\u00bbet-overlay-item\u00bb _builder_version=\u00bb4.14.4&#8243; _module_preset=\u00bbdefault\u00bb background_image=\u00bbhttps:\/\/ldgconstruccion.com\/wp-content\/uploads\/2022\/01\/color.jpg\u00bb positioning=\u00bbabsolute\u00bb vertical_offset_tablet=\u00bb0&#8243; horizontal_offset_tablet=\u00bb0&#8243; width=\u00bb100%\u00bb height=\u00bb100%\u00bb overflow-x=\u00bbhidden\u00bb overflow-y=\u00bbhidden\u00bb custom_margin=\u00bb||0px||false|false\u00bb link_option_url=\u00bbhttps:\/\/ldgconstruccion.com\/ejecutados-servicios-obra-civil\/\u00bb z_index_tablet=\u00bb0&#8243; box_shadow_style=\u00bbpreset3&#8243; box_shadow_horizontal_tablet=\u00bb0px\u00bb box_shadow_vertical_tablet=\u00bb0px\u00bb box_shadow_blur_tablet=\u00bb40px\u00bb box_shadow_spread_tablet=\u00bb0px\u00bb global_colors_info=\u00bb{}\u00bb][\/et_pb_divider][et_pb_text admin_label=\u00bbT\u00cdTULO\u00bb module_class=\u00bbtitulodelproyecto\u00bb _builder_version=\u00bb4.14.4&#8243; _module_preset=\u00bbdefault\u00bb text_font=\u00bbUBUNTU_MEDIUM||||||||\u00bb header_2_font=\u00bbRubik|700|||||||\u00bb header_2_text_color=\u00bb#efefef\u00bb header_2_font_size=\u00bb35px\u00bb positioning=\u00bbabsolute\u00bb position_origin_a=\u00bbcenter_center\u00bb vertical_offset_tablet=\u00bb0&#8243; horizontal_offset_tablet=\u00bb0&#8243; text_orientation=\u00bbcenter\u00bb background_layout=\u00bbdark\u00bb width=\u00bb100%\u00bb max_width=\u00bb80%\u00bb overflow-x=\u00bbhidden\u00bb overflow-y=\u00bbhidden\u00bb custom_margin=\u00bb||0px||false|false\u00bb link_option_url=\u00bbhttps:\/\/ldgconstruccion.com\/ejecutados-servicios-obra-civil\/\u00bb z_index_tablet=\u00bb0&#8243; text_text_shadow_style=\u00bbpreset1&#8243; text_text_shadow_vertical_length_tablet=\u00bb0px\u00bb text_text_shadow_blur_strength_tablet=\u00bb1px\u00bb link_text_shadow_horizontal_length_tablet=\u00bb0px\u00bb link_text_shadow_vertical_length_tablet=\u00bb0px\u00bb link_text_shadow_blur_strength_tablet=\u00bb1px\u00bb ul_text_shadow_horizontal_length_tablet=\u00bb0px\u00bb ul_text_shadow_vertical_length_tablet=\u00bb0px\u00bb ul_text_shadow_blur_strength_tablet=\u00bb1px\u00bb ol_text_shadow_horizontal_length_tablet=\u00bb0px\u00bb ol_text_shadow_vertical_length_tablet=\u00bb0px\u00bb ol_text_shadow_blur_strength_tablet=\u00bb1px\u00bb quote_text_shadow_horizontal_length_tablet=\u00bb0px\u00bb quote_text_shadow_vertical_length_tablet=\u00bb0px\u00bb quote_text_shadow_blur_strength_tablet=\u00bb1px\u00bb header_text_shadow_horizontal_length_tablet=\u00bb0px\u00bb header_text_shadow_vertical_length_tablet=\u00bb0px\u00bb header_text_shadow_blur_strength_tablet=\u00bb1px\u00bb header_2_text_shadow_horizontal_length_tablet=\u00bb0px\u00bb header_2_text_shadow_vertical_length_tablet=\u00bb0px\u00bb header_2_text_shadow_blur_strength_tablet=\u00bb1px\u00bb header_3_text_shadow_horizontal_length_tablet=\u00bb0px\u00bb header_3_text_shadow_vertical_length_tablet=\u00bb0px\u00bb header_3_text_shadow_blur_strength_tablet=\u00bb1px\u00bb header_4_text_shadow_horizontal_length_tablet=\u00bb0px\u00bb header_4_text_shadow_vertical_length_tablet=\u00bb0px\u00bb header_4_text_shadow_blur_strength_tablet=\u00bb1px\u00bb header_5_text_shadow_horizontal_length_tablet=\u00bb0px\u00bb header_5_text_shadow_vertical_length_tablet=\u00bb0px\u00bb header_5_text_shadow_blur_strength_tablet=\u00bb1px\u00bb header_6_text_shadow_horizontal_length_tablet=\u00bb0px\u00bb header_6_text_shadow_vertical_length_tablet=\u00bb0px\u00bb header_6_text_shadow_blur_strength_tablet=\u00bb1px\u00bb box_shadow_horizontal_tablet=\u00bb0px\u00bb box_shadow_vertical_tablet=\u00bb0px\u00bb box_shadow_blur_tablet=\u00bb40px\u00bb box_shadow_spread_tablet=\u00bb0px\u00bb global_colors_info=\u00bb{}\u00bb]<\/p>\n<h2 style=\"text-align: center;\">Ejecutados<\/h2>\n<p>[\/et_pb_text][et_pb_code module_class=\u00bbet-overlay-container\u00bb _builder_version=\u00bb4.8.1&#8243; _module_preset=\u00bbdefault\u00bb vertical_offset_tablet=\u00bb0&#8243; horizontal_offset_tablet=\u00bb0&#8243; overflow-x=\u00bbhidden\u00bb overflow-y=\u00bbhidden\u00bb z_index_tablet=\u00bb0&#8243; box_shadow_horizontal_tablet=\u00bb0px\u00bb box_shadow_vertical_tablet=\u00bb0px\u00bb box_shadow_blur_tablet=\u00bb40px\u00bb box_shadow_spread_tablet=\u00bb0px\u00bb global_colors_info=\u00bb{}\u00bb]<\/p>\n<style><!-- [et_pb_line_break_holder] --><!-- [et_pb_line_break_holder] -->.titulodelproyecto{ margin-bottom: 15% !important;}<!-- [et_pb_line_break_holder] -->  .et-overlay-item {<!-- [et_pb_line_break_holder] -->    opacity: 0; \/*hides overlay items by default*\/<!-- [et_pb_line_break_holder] -->    margin-bottom: 0px;<!-- [et_pb_line_break_holder] -->  }<!-- [et_pb_line_break_holder] -->  .et-overlay-item, .et-overlay-image {<!-- [et_pb_line_break_holder] -->    transition: all 400ms !important; \/*sets transition speed of all overlay items*\/<!-- [et_pb_line_break_holder] -->  }<!-- [et_pb_line_break_holder] -->  .et-overlay-container:hover .et-overlay-item {<!-- [et_pb_line_break_holder] -->    opacity: 1; \/*reveals hidden overlay items on hover*\/<!-- [et_pb_line_break_holder] -->  }<!-- [et_pb_line_break_holder] --><!-- [et_pb_line_break_holder] -->  .et-overlay-container:hover .et-overlay-image.et-scale {<!-- [et_pb_line_break_holder] -->    \/*transform: scale(1.2); adjust scale of image here*\/<!-- [et_pb_line_break_holder] -->  }<!-- [et_pb_line_break_holder] -->  .et-overlay-container:hover .et-overlay-image.et-rotate {<!-- [et_pb_line_break_holder] -->    transform: scale(1.4)<!-- [et_pb_line_break_holder] -->    rotateZ(10deg)!important; \/*adjust rotation of image and scale needed for rotation here*\/<!-- [et_pb_line_break_holder] -->  }  <!-- [et_pb_line_break_holder] -->  .et-overlay-container:hover .et-overlay-item.move-up {<!-- [et_pb_line_break_holder] -->    margin-bottom: 15% !important; \/*adjust how far you want the overlay item to move up*\/<!-- [et_pb_line_break_holder] -->  }<!-- [et_pb_line_break_holder] -->  .et-overlay-container:hover .et-overlay-item.move-down {<!-- [et_pb_line_break_holder] -->    margin-top: 10%; \/*adjust how far you want the overlay item to move down*\/<!-- [et_pb_line_break_holder] -->  }<!-- [et_pb_line_break_holder] --><!-- [et_pb_line_break_holder] -->}<!-- [et_pb_line_break_holder] --><\/style>\n<p>[\/et_pb_code][\/et_pb_column][et_pb_column type=\u00bb1_2&#8243; module_class=\u00bbet-overlay-container\u00bb _builder_version=\u00bb4.6.1&#8243; _module_preset=\u00bbdefault\u00bb overflow-x=\u00bbhidden\u00bb overflow-y=\u00bbhidden\u00bb global_colors_info=\u00bb{}\u00bb][et_pb_image src=\u00bbhttps:\/\/ldgconstruccion.com\/wp-content\/uploads\/2022\/02\/plano.jpg\u00bb alt=\u00bbplano\u00bb title_text=\u00bbplano\u00bb url=\u00bbhttps:\/\/ldgconstruccion.com\/proyectos-servicios-obra-civil\/\u00bb admin_label=\u00bbIMAGEN COLOR B\/N\u00bb module_class=\u00bbet-overlay-image\u00bb _builder_version=\u00bb4.14.4&#8243; _module_preset=\u00bbdefault\u00bb vertical_offset_tablet=\u00bb0&#8243; horizontal_offset_tablet=\u00bb0&#8243; overflow-x=\u00bbhidden\u00bb overflow-y=\u00bbhidden\u00bb custom_margin=\u00bb||0px||false|false\u00bb hover_enabled=\u00bb0&#8243; z_index_tablet=\u00bb0&#8243; box_shadow_horizontal_tablet=\u00bb0px\u00bb box_shadow_vertical_tablet=\u00bb0px\u00bb box_shadow_blur_tablet=\u00bb40px\u00bb box_shadow_spread_tablet=\u00bb0px\u00bb global_colors_info=\u00bb{}\u00bb sticky_enabled=\u00bb0&#8243;][\/et_pb_image][et_pb_divider show_divider=\u00bboff\u00bb admin_label=\u00bbIMAGEN COLOR\u00bb module_class=\u00bbet-overlay-item\u00bb _builder_version=\u00bb4.14.4&#8243; _module_preset=\u00bbdefault\u00bb background_image=\u00bbhttps:\/\/ldgconstruccion.com\/wp-content\/uploads\/2022\/02\/plano-color.jpg\u00bb positioning=\u00bbabsolute\u00bb vertical_offset_tablet=\u00bb0&#8243; horizontal_offset_tablet=\u00bb0&#8243; width=\u00bb100%\u00bb height=\u00bb100%\u00bb overflow-x=\u00bbhidden\u00bb overflow-y=\u00bbhidden\u00bb custom_margin=\u00bb||0px||false|false\u00bb link_option_url=\u00bbhttps:\/\/ldgconstruccion.com\/proyectos-servicios-obra-civil\/\u00bb hover_enabled=\u00bb0&#8243; z_index_tablet=\u00bb0&#8243; box_shadow_horizontal_tablet=\u00bb0px\u00bb box_shadow_vertical_tablet=\u00bb0px\u00bb box_shadow_blur_tablet=\u00bb40px\u00bb box_shadow_spread_tablet=\u00bb0px\u00bb global_colors_info=\u00bb{}\u00bb alt=\u00bbplano-color\u00bb title_text=\u00bbplano-color\u00bb sticky_enabled=\u00bb0&#8243;][\/et_pb_divider][et_pb_text admin_label=\u00bbT\u00cdTULO\u00bb module_class=\u00bbtitulodelproyecto\u00bb _builder_version=\u00bb4.14.4&#8243; _module_preset=\u00bbdefault\u00bb text_font=\u00bbUBUNTU_MEDIUM||||||||\u00bb header_2_font=\u00bbRubik|700|||||||\u00bb header_2_text_color=\u00bb#efefef\u00bb header_2_font_size=\u00bb35px\u00bb positioning=\u00bbabsolute\u00bb position_origin_a=\u00bbcenter_center\u00bb vertical_offset_tablet=\u00bb0&#8243; horizontal_offset_tablet=\u00bb0&#8243; text_orientation=\u00bbcenter\u00bb background_layout=\u00bbdark\u00bb width=\u00bb100%\u00bb max_width=\u00bb80%\u00bb overflow-x=\u00bbhidden\u00bb overflow-y=\u00bbhidden\u00bb custom_margin=\u00bb||0px||false|false\u00bb link_option_url=\u00bbhttps:\/\/ldgconstruccion.com\/proyectos-servicios-obra-civil\/\u00bb z_index_tablet=\u00bb0&#8243; text_text_shadow_style=\u00bbpreset1&#8243; text_text_shadow_vertical_length_tablet=\u00bb0px\u00bb text_text_shadow_blur_strength_tablet=\u00bb1px\u00bb link_text_shadow_horizontal_length_tablet=\u00bb0px\u00bb link_text_shadow_vertical_length_tablet=\u00bb0px\u00bb link_text_shadow_blur_strength_tablet=\u00bb1px\u00bb ul_text_shadow_horizontal_length_tablet=\u00bb0px\u00bb ul_text_shadow_vertical_length_tablet=\u00bb0px\u00bb ul_text_shadow_blur_strength_tablet=\u00bb1px\u00bb ol_text_shadow_horizontal_length_tablet=\u00bb0px\u00bb ol_text_shadow_vertical_length_tablet=\u00bb0px\u00bb ol_text_shadow_blur_strength_tablet=\u00bb1px\u00bb quote_text_shadow_horizontal_length_tablet=\u00bb0px\u00bb quote_text_shadow_vertical_length_tablet=\u00bb0px\u00bb quote_text_shadow_blur_strength_tablet=\u00bb1px\u00bb header_text_shadow_horizontal_length_tablet=\u00bb0px\u00bb header_text_shadow_vertical_length_tablet=\u00bb0px\u00bb header_text_shadow_blur_strength_tablet=\u00bb1px\u00bb header_2_text_shadow_horizontal_length_tablet=\u00bb0px\u00bb header_2_text_shadow_vertical_length_tablet=\u00bb0px\u00bb header_2_text_shadow_blur_strength_tablet=\u00bb1px\u00bb header_3_text_shadow_horizontal_length_tablet=\u00bb0px\u00bb header_3_text_shadow_vertical_length_tablet=\u00bb0px\u00bb header_3_text_shadow_blur_strength_tablet=\u00bb1px\u00bb header_4_text_shadow_horizontal_length_tablet=\u00bb0px\u00bb header_4_text_shadow_vertical_length_tablet=\u00bb0px\u00bb header_4_text_shadow_blur_strength_tablet=\u00bb1px\u00bb header_5_text_shadow_horizontal_length_tablet=\u00bb0px\u00bb header_5_text_shadow_vertical_length_tablet=\u00bb0px\u00bb header_5_text_shadow_blur_strength_tablet=\u00bb1px\u00bb header_6_text_shadow_horizontal_length_tablet=\u00bb0px\u00bb header_6_text_shadow_vertical_length_tablet=\u00bb0px\u00bb header_6_text_shadow_blur_strength_tablet=\u00bb1px\u00bb box_shadow_horizontal_tablet=\u00bb0px\u00bb box_shadow_vertical_tablet=\u00bb0px\u00bb box_shadow_blur_tablet=\u00bb40px\u00bb box_shadow_spread_tablet=\u00bb0px\u00bb global_colors_info=\u00bb{}\u00bb]<\/p>\n<h2 style=\"text-align: center;\">Proyectos<\/h2>\n<p>[\/et_pb_text][et_pb_text disabled_on=\u00bbon|on|on\u00bb admin_label=\u00bbCLASE SALE EL TEXTO AL PASAR RATON Y NO ANTES\u00bb module_class=\u00bbet-overlay-item\u00bb _builder_version=\u00bb4.8.1&#8243; _module_preset=\u00bbdefault\u00bb header_2_font=\u00bbUBUNTU_MEDIUM|700|||||||\u00bb header_2_text_color=\u00bb#efefef\u00bb header_2_font_size=\u00bb25px\u00bb positioning=\u00bbabsolute\u00bb position_origin_a=\u00bbcenter_center\u00bb vertical_offset_tablet=\u00bb0&#8243; horizontal_offset_tablet=\u00bb0&#8243; text_orientation=\u00bbcenter\u00bb background_layout=\u00bbdark\u00bb width=\u00bb100%\u00bb max_width=\u00bb80%\u00bb overflow-x=\u00bbhidden\u00bb overflow-y=\u00bbhidden\u00bb custom_margin=\u00bb||0px||false|false\u00bb link_option_url=\u00bbhttps:\/\/demodacai.es\/img\/casa-prunes\/\u00bb z_index_tablet=\u00bb0&#8243; text_text_shadow_style=\u00bbpreset1&#8243; text_text_shadow_vertical_length_tablet=\u00bb0px\u00bb text_text_shadow_blur_strength_tablet=\u00bb1px\u00bb link_text_shadow_horizontal_length_tablet=\u00bb0px\u00bb link_text_shadow_vertical_length_tablet=\u00bb0px\u00bb link_text_shadow_blur_strength_tablet=\u00bb1px\u00bb ul_text_shadow_horizontal_length_tablet=\u00bb0px\u00bb ul_text_shadow_vertical_length_tablet=\u00bb0px\u00bb ul_text_shadow_blur_strength_tablet=\u00bb1px\u00bb ol_text_shadow_horizontal_length_tablet=\u00bb0px\u00bb ol_text_shadow_vertical_length_tablet=\u00bb0px\u00bb ol_text_shadow_blur_strength_tablet=\u00bb1px\u00bb quote_text_shadow_horizontal_length_tablet=\u00bb0px\u00bb quote_text_shadow_vertical_length_tablet=\u00bb0px\u00bb quote_text_shadow_blur_strength_tablet=\u00bb1px\u00bb header_text_shadow_horizontal_length_tablet=\u00bb0px\u00bb header_text_shadow_vertical_length_tablet=\u00bb0px\u00bb header_text_shadow_blur_strength_tablet=\u00bb1px\u00bb header_2_text_shadow_horizontal_length_tablet=\u00bb0px\u00bb header_2_text_shadow_vertical_length_tablet=\u00bb0px\u00bb header_2_text_shadow_blur_strength_tablet=\u00bb1px\u00bb header_3_text_shadow_horizontal_length_tablet=\u00bb0px\u00bb header_3_text_shadow_vertical_length_tablet=\u00bb0px\u00bb header_3_text_shadow_blur_strength_tablet=\u00bb1px\u00bb header_4_text_shadow_horizontal_length_tablet=\u00bb0px\u00bb header_4_text_shadow_vertical_length_tablet=\u00bb0px\u00bb header_4_text_shadow_blur_strength_tablet=\u00bb1px\u00bb header_5_text_shadow_horizontal_length_tablet=\u00bb0px\u00bb header_5_text_shadow_vertical_length_tablet=\u00bb0px\u00bb header_5_text_shadow_blur_strength_tablet=\u00bb1px\u00bb header_6_text_shadow_horizontal_length_tablet=\u00bb0px\u00bb header_6_text_shadow_vertical_length_tablet=\u00bb0px\u00bb header_6_text_shadow_blur_strength_tablet=\u00bb1px\u00bb box_shadow_horizontal_tablet=\u00bb0px\u00bb box_shadow_vertical_tablet=\u00bb0px\u00bb box_shadow_blur_tablet=\u00bb40px\u00bb box_shadow_spread_tablet=\u00bb0px\u00bb disabled=\u00bbon\u00bb global_colors_info=\u00bb{}\u00bb]<\/p>\n<h2 style=\"text-align: center;\">CASA PRUNES<\/h2>\n<p>[\/et_pb_text][\/et_pb_column][\/et_pb_row][\/et_pb_section]<\/p>","protected":false},"excerpt":{"rendered":"<p>Obra CivilCon m\u00e1s de 1.000.000 m\u00b2 urbanizados, en Grupo LDG nos especializamos en proyectos de Obra Civil, tanto de construcci\u00f3n p\u00fablica para la Administraci\u00f3n, como para el sector privado. Nuestro departamento de obra civil ha ejecutado numerosos proyectos de gran exigencia a nivel t\u00e9cnico y de programaci\u00f3n. Entre ellos destacan: Urbanizaciones Desmontes y vaciados [&hellip;]<\/p>","protected":false},"author":1,"featured_media":0,"parent":0,"menu_order":0,"comment_status":"closed","ping_status":"closed","template":"","meta":{"_et_pb_use_builder":"on","_et_pb_old_content":"","_et_gb_content_width":"","footnotes":""},"class_list":["post-6376","page","type-page","status-publish","hentry"],"yoast_head":"<!-- This site is optimized with the Yoast SEO plugin v24.7 - https:\/\/yoast.com\/wordpress\/plugins\/seo\/ -->\n<title>Obra Civil - LDG Construcci\u00f3n<\/title>\n<meta name=\"robots\" content=\"index, follow, max-snippet:-1, max-image-preview:large, max-video-preview:-1\" \/>\n<link rel=\"canonical\" href=\"https:\/\/ldgconstruccion.com\/en\/servicios-obra-civil\/\" \/>\n<meta property=\"og:locale\" content=\"en_GB\" \/>\n<meta property=\"og:type\" content=\"article\" \/>\n<meta property=\"og:title\" content=\"Obra Civil - LDG Construcci\u00f3n\" \/>\n<meta property=\"og:description\" content=\"Obra CivilCon m\u00e1s de 1.000.000 m\u00b2 urbanizados, en Grupo LDG nos especializamos en proyectos de Obra Civil, tanto de construcci\u00f3n p\u00fablica para la Administraci\u00f3n, como para el sector privado. Nuestro departamento de obra civil ha ejecutado numerosos proyectos de gran exigencia a nivel t\u00e9cnico y de programaci\u00f3n. Entre ellos destacan: Urbanizaciones Desmontes y vaciados [&hellip;]\" \/>\n<meta property=\"og:url\" content=\"https:\/\/ldgconstruccion.com\/en\/servicios-obra-civil\/\" \/>\n<meta property=\"og:site_name\" content=\"LDG Construcci\u00f3n\" \/>\n<meta property=\"article:modified_time\" content=\"2022-02-11T11:30:47+00:00\" \/>\n<meta name=\"twitter:card\" content=\"summary_large_image\" \/>\n<meta name=\"twitter:label1\" content=\"Estimated reading time\" \/>\n\t<meta name=\"twitter:data1\" content=\"9 minutes\" \/>\n<script type=\"application\/ld+json\" class=\"yoast-schema-graph\">{\"@context\":\"https:\/\/schema.org\",\"@graph\":[{\"@type\":\"WebPage\",\"@id\":\"https:\/\/ldgconstruccion.com\/servicios-obra-civil\/\",\"url\":\"https:\/\/ldgconstruccion.com\/servicios-obra-civil\/\",\"name\":\"Obra Civil - LDG Construcci\u00f3n\",\"isPartOf\":{\"@id\":\"https:\/\/ldgconstruccion.com\/#website\"},\"datePublished\":\"2021-12-28T13:23:09+00:00\",\"dateModified\":\"2022-02-11T11:30:47+00:00\",\"breadcrumb\":{\"@id\":\"https:\/\/ldgconstruccion.com\/servicios-obra-civil\/#breadcrumb\"},\"inLanguage\":\"en-GB\",\"potentialAction\":[{\"@type\":\"ReadAction\",\"target\":[\"https:\/\/ldgconstruccion.com\/servicios-obra-civil\/\"]}]},{\"@type\":\"BreadcrumbList\",\"@id\":\"https:\/\/ldgconstruccion.com\/servicios-obra-civil\/#breadcrumb\",\"itemListElement\":[{\"@type\":\"ListItem\",\"position\":1,\"name\":\"Portada\",\"item\":\"https:\/\/ldgconstruccion.com\/\"},{\"@type\":\"ListItem\",\"position\":2,\"name\":\"Obra Civil\"}]},{\"@type\":\"WebSite\",\"@id\":\"https:\/\/ldgconstruccion.com\/#website\",\"url\":\"https:\/\/ldgconstruccion.com\/\",\"name\":\"LDG Construcci\u00f3n\",\"description\":\"Industrial - Residencial\",\"potentialAction\":[{\"@type\":\"SearchAction\",\"target\":{\"@type\":\"EntryPoint\",\"urlTemplate\":\"https:\/\/ldgconstruccion.com\/?s={search_term_string}\"},\"query-input\":{\"@type\":\"PropertyValueSpecification\",\"valueRequired\":true,\"valueName\":\"search_term_string\"}}],\"inLanguage\":\"en-GB\"}]}<\/script>\n<!-- \/ Yoast SEO plugin. -->","yoast_head_json":{"title":"Obra Civil - LDG Construcci\u00f3n","robots":{"index":"index","follow":"follow","max-snippet":"max-snippet:-1","max-image-preview":"max-image-preview:large","max-video-preview":"max-video-preview:-1"},"canonical":"https:\/\/ldgconstruccion.com\/en\/servicios-obra-civil\/","og_locale":"en_GB","og_type":"article","og_title":"Obra Civil - LDG Construcci\u00f3n","og_description":"Obra CivilCon m\u00e1s de 1.000.000 m\u00b2 urbanizados, en Grupo LDG nos especializamos en proyectos de Obra Civil, tanto de construcci\u00f3n p\u00fablica para la Administraci\u00f3n, como para el sector privado. Nuestro departamento de obra civil ha ejecutado numerosos proyectos de gran exigencia a nivel t\u00e9cnico y de programaci\u00f3n. Entre ellos destacan: Urbanizaciones Desmontes y vaciados [&hellip;]","og_url":"https:\/\/ldgconstruccion.com\/en\/servicios-obra-civil\/","og_site_name":"LDG Construcci\u00f3n","article_modified_time":"2022-02-11T11:30:47+00:00","twitter_card":"summary_large_image","twitter_misc":{"Estimated reading time":"9 minutes"},"schema":{"@context":"https:\/\/schema.org","@graph":[{"@type":"WebPage","@id":"https:\/\/ldgconstruccion.com\/servicios-obra-civil\/","url":"https:\/\/ldgconstruccion.com\/servicios-obra-civil\/","name":"Obra Civil - LDG Construcci\u00f3n","isPartOf":{"@id":"https:\/\/ldgconstruccion.com\/#website"},"datePublished":"2021-12-28T13:23:09+00:00","dateModified":"2022-02-11T11:30:47+00:00","breadcrumb":{"@id":"https:\/\/ldgconstruccion.com\/servicios-obra-civil\/#breadcrumb"},"inLanguage":"en-GB","potentialAction":[{"@type":"ReadAction","target":["https:\/\/ldgconstruccion.com\/servicios-obra-civil\/"]}]},{"@type":"BreadcrumbList","@id":"https:\/\/ldgconstruccion.com\/servicios-obra-civil\/#breadcrumb","itemListElement":[{"@type":"ListItem","position":1,"name":"Portada","item":"https:\/\/ldgconstruccion.com\/"},{"@type":"ListItem","position":2,"name":"Obra Civil"}]},{"@type":"WebSite","@id":"https:\/\/ldgconstruccion.com\/#website","url":"https:\/\/ldgconstruccion.com\/","name":"LDG Construcci\u00f3n","description":"Industrial - Residencial","potentialAction":[{"@type":"SearchAction","target":{"@type":"EntryPoint","urlTemplate":"https:\/\/ldgconstruccion.com\/?s={search_term_string}"},"query-input":{"@type":"PropertyValueSpecification","valueRequired":true,"valueName":"search_term_string"}}],"inLanguage":"en-GB"}]}},"_links":{"self":[{"href":"https:\/\/ldgconstruccion.com\/en\/wp-json\/wp\/v2\/pages\/6376"}],"collection":[{"href":"https:\/\/ldgconstruccion.com\/en\/wp-json\/wp\/v2\/pages"}],"about":[{"href":"https:\/\/ldgconstruccion.com\/en\/wp-json\/wp\/v2\/types\/page"}],"author":[{"embeddable":true,"href":"https:\/\/ldgconstruccion.com\/en\/wp-json\/wp\/v2\/users\/1"}],"replies":[{"embeddable":true,"href":"https:\/\/ldgconstruccion.com\/en\/wp-json\/wp\/v2\/comments?post=6376"}],"version-history":[{"count":15,"href":"https:\/\/ldgconstruccion.com\/en\/wp-json\/wp\/v2\/pages\/6376\/revisions"}],"predecessor-version":[{"id":7119,"href":"https:\/\/ldgconstruccion.com\/en\/wp-json\/wp\/v2\/pages\/6376\/revisions\/7119"}],"wp:attachment":[{"href":"https:\/\/ldgconstruccion.com\/en\/wp-json\/wp\/v2\/media?parent=6376"}],"curies":[{"name":"wp","href":"https:\/\/api.w.org\/{rel}","templated":true}]}}