{"id":6079,"date":"2021-12-27T15:33:09","date_gmt":"2021-12-27T15:33:09","guid":{"rendered":"https:\/\/demodacai.es\/ldg\/?page_id=6079"},"modified":"2023-08-09T17:03:42","modified_gmt":"2023-08-09T17:03:42","slug":"sobre-nosotros","status":"publish","type":"page","link":"https:\/\/ldgconstruccion.com\/en\/about-us\/","title":{"rendered":"About Us"},"content":{"rendered":"<p>[et_pb_section fb_built=\u00bb1&#8243; disabled_on=\u00bboff|off|off\u00bb admin_label=\u00bbHero\u00bb _builder_version=\u00bb4.14.4&#8243; use_background_color_gradient=\u00bbon\u00bb background_color_gradient_start=\u00bbrgba(255,255,255,0.7)\u00bb background_color_gradient_end=\u00bbrgba(255,255,255,0.8)\u00bb background_color_gradient_type=\u00bbradial\u00bb background_color_gradient_direction_radial=\u00bbtop left\u00bb background_color_gradient_overlays_image=\u00bbon\u00bb background_image=\u00bbhttps:\/\/ldgconstruccion.com\/wp-content\/uploads\/2021\/10\/construction-35.jpg\u00bb custom_padding=\u00bb0px||0px||true|false\u00bb global_colors_info=\u00bb{}\u00bb][et_pb_row column_structure=\u00bb2_3,1_3&#8243; use_custom_gutter=\u00bbon\u00bb make_equal=\u00bbon\u00bb padding_top_bottom_link_1=\u00bbtrue\u00bb padding_top_bottom_link_2=\u00bbtrue\u00bb padding_left_right_link_1=\u00bbtrue\u00bb padding_left_right_link_2=\u00bbtrue\u00bb _builder_version=\u00bb4.11.4&#8243; width=\u00bb100%\u00bb max_width=\u00bb100%\u00bb custom_padding=\u00bb0px||0px||true\u00bb use_custom_width=\u00bbon\u00bb width_unit=\u00bboff\u00bb custom_width_percent=\u00bb100%\u00bb global_colors_info=\u00bb{}\u00bb][et_pb_column type=\u00bb2_3&#8243; _builder_version=\u00bb3.25&#8243; custom_padding=\u00bb10vw|6vw|10vw|6vw\u00bb custom_padding_tablet=\u00bb10vw|10%|10vw|10%|true|true\u00bb custom_padding_phone=\u00bb10vw|10%|10vw|10%|true|true\u00bb custom_padding_last_edited=\u00bbon|desktop\u00bb global_colors_info=\u00bb{}\u00bb padding_tablet=\u00bb10vw|10%|10vw|10%|true|true\u00bb padding_last_edited=\u00bbon|desktop\u00bb custom_padding__hover=\u00bb|||\u00bb padding_phone=\u00bb10vw|10%|10vw|10%|true|true\u00bb][et_pb_text _builder_version=\u00bb4.11.4&#8243; text_font=\u00bb||||||||\u00bb header_font=\u00bbRubik|700|||||||\u00bb header_text_color=\u00bb#333333&#8243; header_font_size=\u00bb64px\u00bb header_line_height=\u00bb1.1em\u00bb background_layout=\u00bbdark\u00bb max_width=\u00bb800px\u00bb custom_margin=\u00bb30px||0px||false|false\u00bb custom_margin_tablet=\u00bb0px||||false|false\u00bb custom_margin_phone=\u00bb0px||||false|false\u00bb custom_margin_last_edited=\u00bbon|phone\u00bb custom_padding=\u00bb|||16px\u00bb text_font_size_tablet=\u00bb14px\u00bb text_font_size_last_edited=\u00bboff|desktop\u00bb header_font_size_tablet=\u00bb44px\u00bb header_font_size_phone=\u00bb32px\u00bb header_font_size_last_edited=\u00bbon|phone\u00bb border_color_all=\u00bb#ffb400&#8243; border_width_left=\u00bb10px\u00bb border_color_left=\u00bb#095960&#8243; global_colors_info=\u00bb{}\u00bb]<\/p>\n<h1>Strategic values \u200b\u200bof LDG Group<\/h1>\n<p>[\/et_pb_text][et_pb_text _builder_version=\u00bb4.11.4&#8243; text_font=\u00bb||||||||\u00bb text_text_color=\u00bb#666666&#8243; text_line_height=\u00bb1.6em\u00bb header_font=\u00bb||||||||\u00bb background_layout=\u00bbdark\u00bb max_width=\u00bb800px\u00bb custom_margin=\u00bb|||\u00bb custom_padding=\u00bb20px||20px||true\u00bb text_font_size_tablet=\u00bb18px\u00bb text_font_size_phone=\u00bb\u00bb text_font_size_last_edited=\u00bbon|phone\u00bb global_colors_info=\u00bb{}\u00bb]<\/p>\n<ul>\n<li><strong style=\"color:#095960;\">Orientation towards the Client<\/strong>. We understand that this value implies a position of commitment with the client, which allows us to continuously improve their satisfaction and relationship.<\/li>\n<p><\/p>\n<li><strong style=\"color:#095960;\">Commitment to Results<\/strong>. Compliance with growth and profitability objectives, to guarantee business success.<\/li>\n<p><\/p>\n<li><strong style=\"color:#095960;\">Quality and environment<\/strong>. Proper management of these two aspects, which adds value to the company.<\/li>\n<p><\/p>\n<li><strong style=\"color:#095960;\">Teamwork<\/strong>. Promote an environment that encourages results, stimulating communication and open and effective interaction.<\/li>\n<p><\/p>\n<li><strong style=\"color:#095960;\">Trabajo en Equipo<\/strong>Promote an environment that encourages results, stimulating communication and open and effective interaction.<\/li>\n<p><\/p>\n<li><strong style=\"color:#095960;\">Formation and desarrolle.<\/strong> Promote personal and collective development of our greatest asset, which is the human team.<\/li>\n<\/ul>\n<p>[\/et_pb_text][\/et_pb_column][et_pb_column type=\u00bb1_3&#8243; _builder_version=\u00bb4.11.4&#8243; background_color=\u00bb#095960&#8243; custom_padding=\u00bb80px|40px|80px|40px\u00bb custom_padding_tablet=\u00bb|10%||10%||true\u00bb custom_padding_phone=\u00bb|10%||10%||true\u00bb custom_padding_last_edited=\u00bbon|desktop\u00bb global_colors_info=\u00bb{}\u00bb padding_tablet=\u00bb|10%||10%||true\u00bb padding_last_edited=\u00bbon|desktop\u00bb custom_padding__hover=\u00bb|||\u00bb padding_phone=\u00bb|10%||10%||true\u00bb][et_pb_blurb title=\u00bbMisi\u00f3n corporativa\u00bb image=\u00bbhttps:\/\/ldgconstruccion.com\/wp-content\/uploads\/2021\/10\/construction-icon-2-white.png\u00bb icon_placement=\u00bbleft\u00bb image_icon_width=\u00bb64px\u00bb content_max_width=\u00bb1100px\u00bb content_max_width_tablet=\u00bb1100px\u00bb content_max_width_last_edited=\u00bboff|desktop\u00bb _builder_version=\u00bb4.13.0&#8243; header_font=\u00bbRubik|700|||||||\u00bb header_text_color=\u00bb#FFFFFF\u00bb header_font_size=\u00bb21px\u00bb header_line_height=\u00bb1.4em\u00bb body_font=\u00bb||||||||\u00bb body_font_size=\u00bb15px\u00bb background_layout=\u00bbdark\u00bb custom_margin=\u00bb100px||||false|false\u00bb custom_margin_tablet=\u00bb0px||||false|false\u00bb custom_margin_phone=\u00bb0px||||false|false\u00bb custom_margin_last_edited=\u00bbon|phone\u00bb custom_padding=\u00bb|||\u00bb animation_style=\u00bbslide\u00bb animation_direction=\u00bbright\u00bb animation_intensity_slide=\u00bb10%\u00bb animation=\u00bboff\u00bb image_max_width=\u00bb64px\u00bb global_colors_info=\u00bb{}\u00bb]Nuestras misi\u00f3n como empresa es conseguir la total satisfacci\u00f3n del cliente antes, durante y despu\u00e9s de finalizado el proyecto, cumpliendo sobradamente los est\u00e1ndares de calidad y seguridad, as\u00ed como los plazos fijados, generando con ello relaciones duraderas.[\/et_pb_blurb][et_pb_blurb title=\u00bbVisi\u00f3n empresarial\u00bb image=\u00bbhttps:\/\/ldgconstruccion.com\/wp-content\/uploads\/2021\/12\/mision-corporativa.png\u00bb alt=\u00bbmision-corporativa\u00bb icon_placement=\u00bbleft\u00bb image_icon_width=\u00bb64px\u00bb content_max_width=\u00bb1100px\u00bb content_max_width_tablet=\u00bb1100px\u00bb content_max_width_last_edited=\u00bboff|desktop\u00bb _builder_version=\u00bb4.13.0&#8243; header_font=\u00bbRubik|700|||||||\u00bb header_text_color=\u00bb#FFFFFF\u00bb header_font_size=\u00bb21px\u00bb header_line_height=\u00bb1.4em\u00bb body_font=\u00bb||||||||\u00bb body_font_size=\u00bb15px\u00bb background_layout=\u00bbdark\u00bb custom_margin=\u00bb|||\u00bb custom_padding=\u00bb|||\u00bb animation_style=\u00bbslide\u00bb animation_direction=\u00bbright\u00bb animation_delay=\u00bb100ms\u00bb animation_intensity_slide=\u00bb10%\u00bb animation=\u00bboff\u00bb image_max_width=\u00bb64px\u00bb global_colors_info=\u00bb{}\u00bb]Pretendemos ser un equipo altamente competitivo, abierto a la mejora continua y con un signo de distinci\u00f3n ante nuestra competencia, que nos permita ser un referente de calidad en el sector.[\/et_pb_blurb][\/et_pb_column][\/et_pb_row][\/et_pb_section][et_pb_section fb_built=\u00bb1&#8243; _builder_version=\u00bb4.11.4&#8243; _module_preset=\u00bbdefault\u00bb custom_padding=\u00bb0px||0px|||\u00bb global_colors_info=\u00bb{}\u00bb][et_pb_row _builder_version=\u00bb4.11.4&#8243; _module_preset=\u00bbdefault\u00bb width=\u00bb100%\u00bb max_width=\u00bb2560px\u00bb custom_padding=\u00bb0px||0px|||\u00bb global_colors_info=\u00bb{}\u00bb][et_pb_column type=\u00bb4_4&#8243; _builder_version=\u00bb4.11.4&#8243; _module_preset=\u00bbdefault\u00bb global_colors_info=\u00bb{}\u00bb][et_pb_video src=\u00bbhttps:\/\/ldgconstruccion.com\/wp-content\/uploads\/2023\/08\/LDG-VIDEO-CORPORATIVO-web-1.mp4&#8243; image_src=\u00bbhttps:\/\/ldgconstruccion.com\/wp-content\/uploads\/2021\/10\/construction-12.jpg\u00bb _builder_version=\u00bb4.14.4&#8243; hover_enabled=\u00bb0&#8243; global_colors_info=\u00bb{}\u00bb title_text=\u00bbLDG VIDEO CORPORATIVO web\u00bb sticky_enabled=\u00bb0&#8243;][\/et_pb_video][\/et_pb_column][\/et_pb_row][\/et_pb_section]<\/p>","protected":false},"excerpt":{"rendered":"<p>Valores estrat\u00e9gicos de Grupo LDG Orientaci\u00f3n hacia el Cliente. Entendemos que este valor implica una posici\u00f3n de compromiso con el cliente, que nos permita mejorar de manera continua su satisfacci\u00f3n y vinculaci\u00f3n. Compromiso con los Resultados. Cumplimiento de los objetivos de crecimiento y rentabilidad, para garantizar el \u00e9xito empresarial. Calidad y Medio Ambiente. Gesti\u00f3n adecuada [&hellip;]<\/p>","protected":false},"author":1,"featured_media":0,"parent":0,"menu_order":0,"comment_status":"closed","ping_status":"closed","template":"","meta":{"_et_pb_use_builder":"on","_et_pb_old_content":"","_et_gb_content_width":"","footnotes":""},"class_list":["post-6079","page","type-page","status-publish","hentry"],"yoast_head":"<!-- This site is optimized with the Yoast SEO plugin v24.7 - https:\/\/yoast.com\/wordpress\/plugins\/seo\/ -->\n<title>Grupo LDG - LDG Construcci\u00f3n<\/title>\n<meta name=\"robots\" content=\"index, follow, max-snippet:-1, max-image-preview:large, max-video-preview:-1\" \/>\n<link rel=\"canonical\" href=\"https:\/\/ldgconstruccion.com\/en\/sobre-nosotros\/\" \/>\n<meta property=\"og:locale\" content=\"en_GB\" \/>\n<meta property=\"og:type\" content=\"article\" \/>\n<meta property=\"og:title\" content=\"Grupo LDG - LDG Construcci\u00f3n\" \/>\n<meta property=\"og:description\" content=\"Valores estrat\u00e9gicos de Grupo LDG Orientaci\u00f3n hacia el Cliente. Entendemos que este valor implica una posici\u00f3n de compromiso con el cliente, que nos permita mejorar de manera continua su satisfacci\u00f3n y vinculaci\u00f3n. Compromiso con los Resultados. Cumplimiento de los objetivos de crecimiento y rentabilidad, para garantizar el \u00e9xito empresarial. Calidad y Medio Ambiente. Gesti\u00f3n adecuada [&hellip;]\" \/>\n<meta property=\"og:url\" content=\"https:\/\/ldgconstruccion.com\/en\/sobre-nosotros\/\" \/>\n<meta property=\"og:site_name\" content=\"LDG Construcci\u00f3n\" \/>\n<meta property=\"article:modified_time\" content=\"2023-08-09T17:03:42+00:00\" \/>\n<meta name=\"twitter:card\" content=\"summary_large_image\" \/>\n<meta name=\"twitter:label1\" content=\"Estimated reading time\" \/>\n\t<meta name=\"twitter:data1\" content=\"5 minutes\" \/>\n<script type=\"application\/ld+json\" class=\"yoast-schema-graph\">{\"@context\":\"https:\/\/schema.org\",\"@graph\":[{\"@type\":\"WebPage\",\"@id\":\"https:\/\/ldgconstruccion.com\/sobre-nosotros\/\",\"url\":\"https:\/\/ldgconstruccion.com\/sobre-nosotros\/\",\"name\":\"Grupo LDG - LDG Construcci\u00f3n\",\"isPartOf\":{\"@id\":\"https:\/\/ldgconstruccion.com\/#website\"},\"datePublished\":\"2021-12-27T15:33:09+00:00\",\"dateModified\":\"2023-08-09T17:03:42+00:00\",\"breadcrumb\":{\"@id\":\"https:\/\/ldgconstruccion.com\/sobre-nosotros\/#breadcrumb\"},\"inLanguage\":\"en-GB\",\"potentialAction\":[{\"@type\":\"ReadAction\",\"target\":[\"https:\/\/ldgconstruccion.com\/sobre-nosotros\/\"]}]},{\"@type\":\"BreadcrumbList\",\"@id\":\"https:\/\/ldgconstruccion.com\/sobre-nosotros\/#breadcrumb\",\"itemListElement\":[{\"@type\":\"ListItem\",\"position\":1,\"name\":\"Portada\",\"item\":\"https:\/\/ldgconstruccion.com\/\"},{\"@type\":\"ListItem\",\"position\":2,\"name\":\"Grupo LDG\"}]},{\"@type\":\"WebSite\",\"@id\":\"https:\/\/ldgconstruccion.com\/#website\",\"url\":\"https:\/\/ldgconstruccion.com\/\",\"name\":\"LDG Construcci\u00f3n\",\"description\":\"Industrial - Residencial\",\"potentialAction\":[{\"@type\":\"SearchAction\",\"target\":{\"@type\":\"EntryPoint\",\"urlTemplate\":\"https:\/\/ldgconstruccion.com\/?s={search_term_string}\"},\"query-input\":{\"@type\":\"PropertyValueSpecification\",\"valueRequired\":true,\"valueName\":\"search_term_string\"}}],\"inLanguage\":\"en-GB\"}]}<\/script>\n<!-- \/ Yoast SEO plugin. -->","yoast_head_json":{"title":"Grupo LDG - LDG Construcci\u00f3n","robots":{"index":"index","follow":"follow","max-snippet":"max-snippet:-1","max-image-preview":"max-image-preview:large","max-video-preview":"max-video-preview:-1"},"canonical":"https:\/\/ldgconstruccion.com\/en\/sobre-nosotros\/","og_locale":"en_GB","og_type":"article","og_title":"Grupo LDG - LDG Construcci\u00f3n","og_description":"Valores estrat\u00e9gicos de Grupo LDG Orientaci\u00f3n hacia el Cliente. Entendemos que este valor implica una posici\u00f3n de compromiso con el cliente, que nos permita mejorar de manera continua su satisfacci\u00f3n y vinculaci\u00f3n. Compromiso con los Resultados. Cumplimiento de los objetivos de crecimiento y rentabilidad, para garantizar el \u00e9xito empresarial. Calidad y Medio Ambiente. Gesti\u00f3n adecuada [&hellip;]","og_url":"https:\/\/ldgconstruccion.com\/en\/sobre-nosotros\/","og_site_name":"LDG Construcci\u00f3n","article_modified_time":"2023-08-09T17:03:42+00:00","twitter_card":"summary_large_image","twitter_misc":{"Estimated reading time":"5 minutes"},"schema":{"@context":"https:\/\/schema.org","@graph":[{"@type":"WebPage","@id":"https:\/\/ldgconstruccion.com\/sobre-nosotros\/","url":"https:\/\/ldgconstruccion.com\/sobre-nosotros\/","name":"Grupo LDG - LDG Construcci\u00f3n","isPartOf":{"@id":"https:\/\/ldgconstruccion.com\/#website"},"datePublished":"2021-12-27T15:33:09+00:00","dateModified":"2023-08-09T17:03:42+00:00","breadcrumb":{"@id":"https:\/\/ldgconstruccion.com\/sobre-nosotros\/#breadcrumb"},"inLanguage":"en-GB","potentialAction":[{"@type":"ReadAction","target":["https:\/\/ldgconstruccion.com\/sobre-nosotros\/"]}]},{"@type":"BreadcrumbList","@id":"https:\/\/ldgconstruccion.com\/sobre-nosotros\/#breadcrumb","itemListElement":[{"@type":"ListItem","position":1,"name":"Portada","item":"https:\/\/ldgconstruccion.com\/"},{"@type":"ListItem","position":2,"name":"Grupo LDG"}]},{"@type":"WebSite","@id":"https:\/\/ldgconstruccion.com\/#website","url":"https:\/\/ldgconstruccion.com\/","name":"LDG Construcci\u00f3n","description":"Industrial - Residencial","potentialAction":[{"@type":"SearchAction","target":{"@type":"EntryPoint","urlTemplate":"https:\/\/ldgconstruccion.com\/?s={search_term_string}"},"query-input":{"@type":"PropertyValueSpecification","valueRequired":true,"valueName":"search_term_string"}}],"inLanguage":"en-GB"}]}},"_links":{"self":[{"href":"https:\/\/ldgconstruccion.com\/en\/wp-json\/wp\/v2\/pages\/6079"}],"collection":[{"href":"https:\/\/ldgconstruccion.com\/en\/wp-json\/wp\/v2\/pages"}],"about":[{"href":"https:\/\/ldgconstruccion.com\/en\/wp-json\/wp\/v2\/types\/page"}],"author":[{"embeddable":true,"href":"https:\/\/ldgconstruccion.com\/en\/wp-json\/wp\/v2\/users\/1"}],"replies":[{"embeddable":true,"href":"https:\/\/ldgconstruccion.com\/en\/wp-json\/wp\/v2\/comments?post=6079"}],"version-history":[{"count":20,"href":"https:\/\/ldgconstruccion.com\/en\/wp-json\/wp\/v2\/pages\/6079\/revisions"}],"predecessor-version":[{"id":7508,"href":"https:\/\/ldgconstruccion.com\/en\/wp-json\/wp\/v2\/pages\/6079\/revisions\/7508"}],"wp:attachment":[{"href":"https:\/\/ldgconstruccion.com\/en\/wp-json\/wp\/v2\/media?parent=6079"}],"curies":[{"name":"wp","href":"https:\/\/api.w.org\/{rel}","templated":true}]}}