{"id":15,"date":"2021-10-25T14:50:28","date_gmt":"2021-10-25T14:50:28","guid":{"rendered":"https:\/\/demodacai.es\/ldg\/?page_id=15"},"modified":"2023-08-18T11:18:09","modified_gmt":"2023-08-18T11:18:09","slug":"sus-datos-seguros","status":"publish","type":"page","link":"https:\/\/ldgconstruccion.com\/en\/sus-datos-seguros\/","title":{"rendered":"Your Secure Data"},"content":{"rendered":"<p>[et_pb_section fb_built=\u00bb1&#8243; _builder_version=\u00bb4.14.4&#8243; _module_preset=\u00bbdefault\u00bb custom_margin=\u00bb70px||||false|false\u00bb global_colors_info=\u00bb{}\u00bb][et_pb_row _builder_version=\u00bb4.11.4&#8243; _module_preset=\u00bbdefault\u00bb custom_margin=\u00bb20px||||false|false\u00bb global_colors_info=\u00bb{}\u00bb][et_pb_column type=\u00bb4_4&#8243; _builder_version=\u00bb4.11.4&#8243; _module_preset=\u00bbdefault\u00bb global_colors_info=\u00bb{}\u00bb][et_pb_text _builder_version=\u00bb4.14.4&#8243; _module_preset=\u00bbdefault\u00bb text_text_color=\u00bb#666666&#8243; header_font=\u00bbRubik|700|||||||\u00bb hover_enabled=\u00bb0&#8243; global_colors_info=\u00bb{}\u00bb sticky_enabled=\u00bb0&#8243;]<\/p>\n<p style=\"font-weight: 400;\"><strong>Pol\u00edtica de Protecci\u00f3n de Datos de Car\u00e1cter Personal<\/strong><\/p>\n<p style=\"font-weight: 400;\"><strong>\u00a0<\/strong><\/p>\n<p style=\"font-weight: 400;\">El titular de la web y responsable del tratamiento, <strong>LDG OBRAS Y SERVICIOS, S.L.<\/strong>con domicilio en C\/Mallorca, 2 dpcho. 112 P.I. La Reva de Ribarroja, Valencia (46190) y CIF: B98442668 es el titular del Portal y lo pone a disposici\u00f3n de los usuarios de Internet, con el fin tanto de proporcionar informaci\u00f3n sobre los servicios que presta <strong>LDG OBRAS Y SERVICIOS, S.L. <\/strong>as\u00ed como el de permitir la prestaci\u00f3n de servicios a trav\u00e9s del Portal.<\/p>\n<p style=\"font-weight: 400;\"><strong><u>\u00a0<\/u><\/strong><\/p>\n<p style=\"font-weight: 400;\"><strong><u>Datos de Contacto<\/u><\/strong><\/p>\n<p style=\"font-weight: 400;\">Tel\u00e9fono de contacto: <strong>96 107 01 30<\/strong><\/p>\n<p style=\"font-weight: 400;\">Para cualquier gesti\u00f3n o solicitud con respecto a la privacidad de <strong>LDG OBRAS Y SERVICIOS, S.L. <\/strong>el usuario podr\u00e1 dirigirse a nuestra direcci\u00f3n de correo electr\u00f3nico a <a href=\"mailto:info@ldgconstruccion.com\"><span>info@ldgconstruccion.com<\/span><\/a><span>\u00a0\u00a0\u00a0\u00a0\u00a0\u00a0\u00a0\u00a0 <\/span><\/p>\n<p style=\"font-weight: 400;\"><span>\u00a0<\/span><\/p>\n<p style=\"font-weight: 400;\"><strong>1.- Finalidad \u00bfCon qu\u00e9 finalidades tratamos sus datos?<\/strong><\/p>\n<p style=\"font-weight: 400;\"><strong>LDG OBRAS Y SERVICIOS, S.L. <\/strong>informa al Usuario de la existencia de un tratamiento de datos de car\u00e1cter personal (<strong>tratamiento denominado \u201cUSUARIOS WEB\u201d<\/strong>) creado con los datos obtenidos en la p\u00e1gina web por y para <strong>LDG OBRAS Y SERVICIOS, S.L. <\/strong>y bajo su responsabilidad.\u00a0<\/p>\n<p style=\"font-weight: 400;\">Dicho tratamiento ha sido creado con la finalidad de facilitar informaci\u00f3n sobre la prestaci\u00f3n de los servicios ofrecidos por el Portal, as\u00ed como atender y gestionar las consultas realizadas por los usuarios a trav\u00e9s de esta v\u00eda.<\/p>\n<ul style=\"font-weight: 400;\">\n<li>Los plazos de conservaci\u00f3n de los datos que los usuarios nos proporcionen a trav\u00e9s de los formularios presentes en la web son los siguientes:<\/li>\n<ul>\n<li>En el caso de consultas: Una vez contestada la consulta, el a\u00f1o en curso<\/li>\n<li>En el caso de contratar alguno de nuestros servicios: Mientras dure la relaci\u00f3n contractual<\/li>\n<\/ul>\n<\/ul>\n<p style=\"font-weight: 400;\">\u00a0<strong>2.- Legitimaci\u00f3n \u00bfCu\u00e1l es la legitimaci\u00f3n para el tratamiento de sus datos?<\/strong><\/p>\n<p style=\"font-weight: 400;\">La base legal para el tratamiento de los datos personales de los usuarios es el <strong>propio consentimiento del interesado<\/strong>.<\/p>\n<p style=\"font-weight: 400;\">Asimismo, la oferta prospectiva de servicios est\u00e1 basada en el consentimiento que se solicita al usuario sin que ning\u00fan caso la retirada de este consentimiento condicione la ejecuci\u00f3n de otras finalidades.<\/p>\n<p style=\"font-weight: 400;\">El usuario no tiene la obligaci\u00f3n de facilitarnos sus datos personales, pero en caso de no facilitarnos los datos m\u00ednimos solicitados, no se podr\u00e1n llevar a cabo las operaciones que se ofrecen online en nuestra web, tales como atender las consultas, contactar, dejar un comentario, participar y\/o acceder a seg\u00fan qu\u00e9 apartados de la web.<\/p>\n<p style=\"font-weight: 400;\">\n<p style=\"font-weight: 400;\">Adem\u00e1s, informamos que el usuario podr\u00e1 revocar el consentimiento para la recogida y tratamiento de sus datos personales en cualquier momento, mediante el procedimiento que establecemos para ello, sin que ello afecte a la licitud del tratamiento basado en el consentimiento previo a su retirada.<\/p>\n<p style=\"font-weight: 400;\"><strong>3.- Destinatarios \u00bfA qu\u00e9 destinatarios se comunicar\u00e1n sus datos?<\/strong><\/p>\n<p style=\"font-weight: 400;\">Los datos que se recogen en esta web mediante los formularios correspondientes no ser\u00e1n cedidos a terceros y \u00fanicamente podr\u00e1n ser objeto de comunicaci\u00f3n a otras empresas que ejercen de encargados del tratamiento de datos personales, y que solo tratar\u00e1n los datos conforme a las estrictas indicaciones que <strong>LDG OBRAS Y SERVICIOS, S.L. <\/strong>establece con dichos encargados. En todo caso los datos ser\u00e1n comunicados dentro del espacio de la Uni\u00f3n Europea y solo para los fines anteriormente indicados.<\/p>\n<p style=\"font-weight: 400;\"><strong>\u00a0<\/strong><\/p>\n<p style=\"font-weight: 400;\"><strong>4.- Derechos \u00bfCu\u00e1les son sus derechos cuando nos facilita sus datos?<\/strong><\/p>\n<p style=\"font-weight: 400;\">A los usuarios de la web titularidad de <strong>LDG OBRAS Y SERVICIOS, S.L. <\/strong>se les garantiza los derechos que se establecen en la legislaci\u00f3n en materia de Protecci\u00f3n de Datos Personales:<\/p>\n<p style=\"font-weight: 400;\">En primer lugar, el usuario tiene derecho a obtener una confirmaci\u00f3n sobre si en <strong>LDG OBRAS Y SERVICIOS, S.L. <\/strong>se est\u00e1n tratando datos personales que le conciernan o no.<\/p>\n<p style=\"font-weight: 400;\">Los usuarios tendr\u00e1n derecho a acceder a sus datos personales, as\u00ed como a solicitar la rectificaci\u00f3n de los datos que sean inexactos o, en su caso, solicitar su supresi\u00f3n, oposici\u00f3n o limitaci\u00f3n cuando, entre otros motivos, los datos ya no sean necesarios para los fines que fueron recogidos, as\u00ed como la portabilidad para facilitar sus datos personales a un nuevo responsable.<\/p>\n<p style=\"font-weight: 400;\">Los usuarios tienen derecho a oponerse al tratamiento de sus datos personales, por lo que <strong>LDG OBRAS Y SERVICIOS, S.L. <\/strong>dejar\u00e1 de tratar sus datos, salvo si existen motivos leg\u00edtimos, imperiosos, o el ejercicio o la defensa de posibles reclamaciones.<\/p>\n<p style=\"font-weight: 400;\">Los usuarios tienen la facultad de solicitar a <strong>LDG OBRAS Y SERVICIOS, S.L. <\/strong>que limite los tratamientos de sus datos personales cuando se cumplan los requisitos que el Reglamento UE 2016\/679 y la Ley Org\u00e1nica 3\/2018, de 5 de diciembre, de Protecci\u00f3n de Datos Personales y garant\u00eda de los derechos digitales<span> exigen.<\/span><\/p>\n<p style=\"font-weight: 400;\"><strong>LDG OBRAS Y SERVICIOS, S.L. <\/strong>le informa que tiene implantadas las medidas de seguridad de \u00edndole t\u00e9cnica y organizativas necesarias que garanticen la seguridad de sus datos de car\u00e1cter personal y eviten su alteraci\u00f3n, p\u00e9rdida, tratamiento y\/o acceso no autorizado, seg\u00fan lo dispuesto en el RGPD 2016\/679 de\u00a027 de abril de 2016 y la Ley Org\u00e1nica 3\/2018, de 5 de diciembre, de Protecci\u00f3n de Datos Personales y garant\u00eda de los derechos digitales.<\/p>\n<p style=\"font-weight: 400;\">\n<p style=\"font-weight: 400;\">\n<p style=\"font-weight: 400;\">\n<p style=\"font-weight: 400;\">\n<p style=\"font-weight: 400;\">\n<p style=\"font-weight: 400;\">Por \u00faltimo, informamos que cualquier interesado podr\u00e1 presentar una reclamaci\u00f3n ante la Agencia Espa\u00f1ola de Protecci\u00f3n de Datos, especialmente cuando no haya obtenido satisfacci\u00f3n en el ejercicio de sus derechos.<\/p>\n<p style=\"font-weight: 400;\">En el siguiente link obtendr\u00e1 m\u00e1s informaci\u00f3n sobre las reclamaciones ante la Agencia Espa\u00f1ola de Protecci\u00f3n de Datos:<\/p>\n<p style=\"font-weight: 400;\"><a href=\"https:\/\/sedeagpd.gob.es\/sede-electronica-web\/vistas\/infoSede\/tramitesCiudadano.jsf\"><span>https:\/\/sedeagpd.gob.es\/sede-electronica-web\/vistas\/infoSede\/tramitesCiudadano.jsf<\/span><\/a><\/p>\n<p style=\"font-weight: 400;\"><strong>5.- Comunicaciones Comerciales<\/strong><\/p>\n<p style=\"font-weight: 400;\"><strong>LDG OBRAS Y SERVICIOS, S.L. <\/strong>podr\u00e1 enviar comunicaciones comerciales por cualquier medio con pleno respeto a la legislaci\u00f3n que en materia de protecci\u00f3n de datos personales se encuentre vigente.<\/p>\n<p style=\"font-weight: 400;\">Para las comunicaciones comerciales realizadas a trav\u00e9s del correo electr\u00f3nico y medios equivalentes en cumplimiento de lo dispuesto en la Ley 34\/2002, de 11 de julio, de Servicios de la Sociedad de la Informaci\u00f3n y de Comercio Electr\u00f3nico, ser\u00e1 debidamente recabado el consentimiento del Usuario en el momento de recoger los datos correspondientes.<\/p>\n<p style=\"font-weight: 400;\">El Usuario podr\u00e1 revocar en cualquier momento el consentimiento prestado a la recepci\u00f3n de las comunicaciones personales con la simple notificaci\u00f3n de su voluntad a <strong>LDG OBRAS Y SERVICIOS, S.L. <\/strong>a nuestra direcci\u00f3n de correo electr\u00f3nico <a href=\"mailto:info@ldgconstruccion.com\">info@ldgconstruccion.com<\/a><span>\u00a0\u00a0\u00a0\u00a0\u00a0\u00a0\u00a0 <\/span><\/p>\n<p>[\/et_pb_text][\/et_pb_column][\/et_pb_row][\/et_pb_section]<\/p>","protected":false},"excerpt":{"rendered":"<p>Pol\u00edtica de Protecci\u00f3n de Datos de Car\u00e1cter Personal \u00a0 El titular de la web y responsable del tratamiento, LDG OBRAS Y SERVICIOS, S.L.con domicilio en C\/Mallorca, 2 dpcho. 112 P.I. La Reva de Ribarroja, Valencia (46190) y CIF: B98442668 es el titular del Portal y lo pone a disposici\u00f3n de los usuarios de Internet, con [&hellip;]<\/p>","protected":false},"author":1,"featured_media":0,"parent":0,"menu_order":0,"comment_status":"closed","ping_status":"closed","template":"","meta":{"_et_pb_use_builder":"on","_et_pb_old_content":"","_et_gb_content_width":"","footnotes":""},"class_list":["post-15","page","type-page","status-publish","hentry"],"yoast_head":"<!-- This site is optimized with the Yoast SEO plugin v24.7 - https:\/\/yoast.com\/wordpress\/plugins\/seo\/ -->\n<title>Sus Datos Seguros - LDG Construcci\u00f3n<\/title>\n<meta name=\"robots\" content=\"index, follow, max-snippet:-1, max-image-preview:large, max-video-preview:-1\" \/>\n<link rel=\"canonical\" href=\"https:\/\/ldgconstruccion.com\/en\/sus-datos-seguros\/\" \/>\n<meta property=\"og:locale\" content=\"en_GB\" \/>\n<meta property=\"og:type\" content=\"article\" \/>\n<meta property=\"og:title\" content=\"Sus Datos Seguros - LDG Construcci\u00f3n\" \/>\n<meta property=\"og:description\" content=\"Pol\u00edtica de Protecci\u00f3n de Datos de Car\u00e1cter Personal \u00a0 El titular de la web y responsable del tratamiento, LDG OBRAS Y SERVICIOS, S.L.con domicilio en C\/Mallorca, 2 dpcho. 112 P.I. La Reva de Ribarroja, Valencia (46190) y CIF: B98442668 es el titular del Portal y lo pone a disposici\u00f3n de los usuarios de Internet, con [&hellip;]\" \/>\n<meta property=\"og:url\" content=\"https:\/\/ldgconstruccion.com\/en\/sus-datos-seguros\/\" \/>\n<meta property=\"og:site_name\" content=\"LDG Construcci\u00f3n\" \/>\n<meta property=\"article:modified_time\" content=\"2023-08-18T11:18:09+00:00\" \/>\n<meta name=\"twitter:card\" content=\"summary_large_image\" \/>\n<meta name=\"twitter:label1\" content=\"Estimated reading time\" \/>\n\t<meta name=\"twitter:data1\" content=\"6 minutes\" \/>\n<script type=\"application\/ld+json\" class=\"yoast-schema-graph\">{\"@context\":\"https:\/\/schema.org\",\"@graph\":[{\"@type\":\"WebPage\",\"@id\":\"https:\/\/ldgconstruccion.com\/sus-datos-seguros\/\",\"url\":\"https:\/\/ldgconstruccion.com\/sus-datos-seguros\/\",\"name\":\"Sus Datos Seguros - LDG Construcci\u00f3n\",\"isPartOf\":{\"@id\":\"https:\/\/ldgconstruccion.com\/#website\"},\"datePublished\":\"2021-10-25T14:50:28+00:00\",\"dateModified\":\"2023-08-18T11:18:09+00:00\",\"breadcrumb\":{\"@id\":\"https:\/\/ldgconstruccion.com\/sus-datos-seguros\/#breadcrumb\"},\"inLanguage\":\"en-GB\",\"potentialAction\":[{\"@type\":\"ReadAction\",\"target\":[\"https:\/\/ldgconstruccion.com\/sus-datos-seguros\/\"]}]},{\"@type\":\"BreadcrumbList\",\"@id\":\"https:\/\/ldgconstruccion.com\/sus-datos-seguros\/#breadcrumb\",\"itemListElement\":[{\"@type\":\"ListItem\",\"position\":1,\"name\":\"Portada\",\"item\":\"https:\/\/ldgconstruccion.com\/\"},{\"@type\":\"ListItem\",\"position\":2,\"name\":\"Sus Datos Seguros\"}]},{\"@type\":\"WebSite\",\"@id\":\"https:\/\/ldgconstruccion.com\/#website\",\"url\":\"https:\/\/ldgconstruccion.com\/\",\"name\":\"LDG Construcci\u00f3n\",\"description\":\"Industrial - Residencial\",\"potentialAction\":[{\"@type\":\"SearchAction\",\"target\":{\"@type\":\"EntryPoint\",\"urlTemplate\":\"https:\/\/ldgconstruccion.com\/?s={search_term_string}\"},\"query-input\":{\"@type\":\"PropertyValueSpecification\",\"valueRequired\":true,\"valueName\":\"search_term_string\"}}],\"inLanguage\":\"en-GB\"}]}<\/script>\n<!-- \/ Yoast SEO plugin. -->","yoast_head_json":{"title":"Sus Datos Seguros - LDG Construcci\u00f3n","robots":{"index":"index","follow":"follow","max-snippet":"max-snippet:-1","max-image-preview":"max-image-preview:large","max-video-preview":"max-video-preview:-1"},"canonical":"https:\/\/ldgconstruccion.com\/en\/sus-datos-seguros\/","og_locale":"en_GB","og_type":"article","og_title":"Sus Datos Seguros - LDG Construcci\u00f3n","og_description":"Pol\u00edtica de Protecci\u00f3n de Datos de Car\u00e1cter Personal \u00a0 El titular de la web y responsable del tratamiento, LDG OBRAS Y SERVICIOS, S.L.con domicilio en C\/Mallorca, 2 dpcho. 112 P.I. La Reva de Ribarroja, Valencia (46190) y CIF: B98442668 es el titular del Portal y lo pone a disposici\u00f3n de los usuarios de Internet, con [&hellip;]","og_url":"https:\/\/ldgconstruccion.com\/en\/sus-datos-seguros\/","og_site_name":"LDG Construcci\u00f3n","article_modified_time":"2023-08-18T11:18:09+00:00","twitter_card":"summary_large_image","twitter_misc":{"Estimated reading time":"6 minutes"},"schema":{"@context":"https:\/\/schema.org","@graph":[{"@type":"WebPage","@id":"https:\/\/ldgconstruccion.com\/sus-datos-seguros\/","url":"https:\/\/ldgconstruccion.com\/sus-datos-seguros\/","name":"Sus Datos Seguros - LDG Construcci\u00f3n","isPartOf":{"@id":"https:\/\/ldgconstruccion.com\/#website"},"datePublished":"2021-10-25T14:50:28+00:00","dateModified":"2023-08-18T11:18:09+00:00","breadcrumb":{"@id":"https:\/\/ldgconstruccion.com\/sus-datos-seguros\/#breadcrumb"},"inLanguage":"en-GB","potentialAction":[{"@type":"ReadAction","target":["https:\/\/ldgconstruccion.com\/sus-datos-seguros\/"]}]},{"@type":"BreadcrumbList","@id":"https:\/\/ldgconstruccion.com\/sus-datos-seguros\/#breadcrumb","itemListElement":[{"@type":"ListItem","position":1,"name":"Portada","item":"https:\/\/ldgconstruccion.com\/"},{"@type":"ListItem","position":2,"name":"Sus Datos Seguros"}]},{"@type":"WebSite","@id":"https:\/\/ldgconstruccion.com\/#website","url":"https:\/\/ldgconstruccion.com\/","name":"LDG Construcci\u00f3n","description":"Industrial - Residencial","potentialAction":[{"@type":"SearchAction","target":{"@type":"EntryPoint","urlTemplate":"https:\/\/ldgconstruccion.com\/?s={search_term_string}"},"query-input":{"@type":"PropertyValueSpecification","valueRequired":true,"valueName":"search_term_string"}}],"inLanguage":"en-GB"}]}},"_links":{"self":[{"href":"https:\/\/ldgconstruccion.com\/en\/wp-json\/wp\/v2\/pages\/15"}],"collection":[{"href":"https:\/\/ldgconstruccion.com\/en\/wp-json\/wp\/v2\/pages"}],"about":[{"href":"https:\/\/ldgconstruccion.com\/en\/wp-json\/wp\/v2\/types\/page"}],"author":[{"embeddable":true,"href":"https:\/\/ldgconstruccion.com\/en\/wp-json\/wp\/v2\/users\/1"}],"replies":[{"embeddable":true,"href":"https:\/\/ldgconstruccion.com\/en\/wp-json\/wp\/v2\/comments?post=15"}],"version-history":[{"count":7,"href":"https:\/\/ldgconstruccion.com\/en\/wp-json\/wp\/v2\/pages\/15\/revisions"}],"predecessor-version":[{"id":7517,"href":"https:\/\/ldgconstruccion.com\/en\/wp-json\/wp\/v2\/pages\/15\/revisions\/7517"}],"wp:attachment":[{"href":"https:\/\/ldgconstruccion.com\/en\/wp-json\/wp\/v2\/media?parent=15"}],"curies":[{"name":"wp","href":"https:\/\/api.w.org\/{rel}","templated":true}]}}