{"id":11,"date":"2021-10-25T14:50:07","date_gmt":"2021-10-25T14:50:07","guid":{"rendered":"https:\/\/demodacai.es\/ldg\/?page_id=11"},"modified":"2023-08-18T11:10:36","modified_gmt":"2023-08-18T11:10:36","slug":"aviso-legal","status":"publish","type":"page","link":"https:\/\/ldgconstruccion.com\/en\/aviso-legal\/","title":{"rendered":"Legal Note"},"content":{"rendered":"<p>[et_pb_section fb_built=\u00bb1&#8243; _builder_version=\u00bb4.14.4&#8243; _module_preset=\u00bbdefault\u00bb custom_margin=\u00bb70px||||false|false\u00bb locked=\u00bboff\u00bb global_colors_info=\u00bb{}\u00bb][et_pb_row _builder_version=\u00bb4.11.4&#8243; _module_preset=\u00bbdefault\u00bb custom_margin=\u00bb20px||||false|false\u00bb global_colors_info=\u00bb{}\u00bb][et_pb_column type=\u00bb4_4&#8243; _builder_version=\u00bb4.11.4&#8243; _module_preset=\u00bbdefault\u00bb global_colors_info=\u00bb{}\u00bb][et_pb_text _builder_version=\u00bb4.14.4&#8243; _module_preset=\u00bbdefault\u00bb text_text_color=\u00bb#666666&#8243; header_font=\u00bbRubik|700|||||||\u00bb hover_enabled=\u00bb0&#8243; global_colors_info=\u00bb{}\u00bb sticky_enabled=\u00bb0&#8243;]<\/p>\n<p style=\"font-weight: 400;\"><strong>AVISO LEGAL<\/strong><\/p>\n<p style=\"font-weight: 400;\">\n<p style=\"font-weight: 400;\">En cumplimiento de la Ley 34\/2002, de 11 de Julio, de Servicios de la Sociedad de la Informaci\u00f3n y del Comercio Electr\u00f3nico le comunicamos la siguiente informaci\u00f3n:<\/p>\n<p style=\"font-weight: 400;\">Titular de este sitio:<\/p>\n<p style=\"font-weight: 400;\"><strong>LDG OBRAS Y SERVICIOS, S.L. <\/strong><\/p>\n<p style=\"font-weight: 400;\">C\/Mallorca, 2 dpcho. 112 P.I. La Reva de Ribarroja, Valencia (46190)<\/p>\n<p style=\"font-weight: 400;\">CIF: <strong>B-98442668<\/strong><\/p>\n<p style=\"font-weight: 400;\">Telf.: <strong>96 107 01 30<\/strong><\/p>\n<p style=\"font-weight: 400;\">e-mail: <a href=\"mailto:info@ldgconstruccion.com\"><span>info@ldgconstruccion.com<\/span><\/a><span>\u00a0 <\/span><\/p>\n<p style=\"font-weight: 400;\"><strong>\u00a0<\/strong><\/p>\n<p style=\"font-weight: 400;\">La utilizaci\u00f3n del contenido y\/o servicios del portal por parte del usuario supone la aceptaci\u00f3n expresa de las siguientes condiciones:<\/p>\n<p style=\"font-weight: 400;\"><strong>\u00a0<\/strong><\/p>\n<p style=\"font-weight: 400;\"><strong>Condiciones de uso del portal<\/strong><\/p>\n<p style=\"font-weight: 400;\"><strong>LDG OBRAS Y SERVICIOS, S.L. <\/strong>se reserva el derecho de efectuar modificaciones en el contenido de este portal sin previo aviso, as\u00ed como de su configuraci\u00f3n y presentaci\u00f3n. Este portal puede contener enlaces a p\u00e1ginas externas, no siendo responsable del contenido de dichas p\u00e1ginas externas ni de cualquier otro aspecto relacionado con las mismas.<\/p>\n<p style=\"font-weight: 400;\">\n<p style=\"font-weight: 400;\">Los textos, im\u00e1genes, logotipos y resto de contenidos incluidos en este portal son propiedad de <strong>LDG OBRAS Y SERVICIOS, S.L. <\/strong>Queda prohibida la transmisi\u00f3n, distribuci\u00f3n, reproducci\u00f3n o almacenamiento, total o parcial, excepto si se obtiene el previo consentimiento de <strong>LDG OBRAS Y SERVICIOS, S.L. <\/strong>y salvo cuando se indique lo contrario.<\/p>\n<p style=\"font-weight: 400;\">\n<p style=\"font-weight: 400;\">Para poder instalar o utilizar cualquier software que se encuentre disponible para su descarga desde este portal, deben aceptarse previamente los t\u00e9rminos del contrato de licencia, si lo hubiera, que acompa\u00f1e o se incluya en el software. <span>\u00a0<\/span>no se hace responsable de los posibles da\u00f1os que se pudieran producir por el hecho de utilizar versiones no actualizadas de navegadores, o de las consecuencias que se pudieran derivar del mal funcionamiento del navegador, ya sea por configuraci\u00f3n inadecuada, presencia de virus inform\u00e1ticos o cualquier otra causa ajena a <strong>LDG OBRAS Y SERVICIOS, S.L.<\/strong><\/p>\n<p style=\"font-weight: 400;\"><strong>\u00a0<\/strong><\/p>\n<p style=\"font-weight: 400;\"><strong>Protecci\u00f3n de datos de car\u00e1cter personal<\/strong><\/p>\n<p style=\"font-weight: 400;\">En cumplimiento de la Ley Org\u00e1nica 3\/2018, de 5 de diciembre, de Protecci\u00f3n de Datos Personales y garant\u00eda de los derechos digitales, <strong>LDG OBRAS Y SERVICIOS, S.L. <\/strong>le informa que los datos de car\u00e1cter personal que nos proporcione al cumplimentar alg\u00fan formulario de inscripci\u00f3n, solicitud o consulta que aparezca en la presente Web, ser\u00e1n objeto de tratamiento y recogidos en un tratamiento de datos (denominado \u201c<strong>USUARIOS WEB<\/strong>\u201d) cuyo responsable es <strong>LDG OBRAS Y SERVICIOS, S.L.<\/strong><\/p>\n<p style=\"font-weight: 400;\"><strong>\u00a0<\/strong><\/p>\n<p style=\"font-weight: 400;\"><strong>\u00a0<\/strong><\/p>\n<p style=\"font-weight: 400;\"><strong>\u00a0<\/strong><\/p>\n<p style=\"font-weight: 400;\">Para ejercer sus derechos de acceso, rectificaci\u00f3n, oposici\u00f3n, supresi\u00f3n, portabilidad y limitaci\u00f3n al tratamiento de sus datos personales, en los t\u00e9rminos y condiciones previstas en la propia normativa vigente en materia de protecci\u00f3n de datos, puede comunicarlo por escrito a <strong>LDG OBRAS Y SERVICIOS, S.L. <span>\u00a0\u00a0<\/span><\/strong>C\/Mallorca, 2 dpcho. 112 P.I. La Reva de Ribarroja, Valencia (46190)<\/p>\n<p style=\"font-weight: 400;\">\n<p style=\"font-weight: 400;\">La recogida de sus datos de car\u00e1cter personal se lleva a cabo con la finalidad principal de poder ofrecer y prestarle los servicios ofrecidos en la presente web.<\/p>\n<p style=\"font-weight: 400;\">\n<p style=\"font-weight: 400;\"><strong>LDG OBRAS Y SERVICIOS, S.L. <\/strong>har\u00e1 uso de los datos de car\u00e1cter personal facilitados por usted exclusivamente para las finalidades indicadas.<\/p>\n<p style=\"font-weight: 400;\">\n<p style=\"font-weight: 400;\">No compartimos la informaci\u00f3n suministrada con terceros salvo exigencia legal o de procedimientos legales, y en ning\u00fan caso, vendemos este tipo de informaci\u00f3n.<\/p>\n<p style=\"font-weight: 400;\">\n<p style=\"font-weight: 400;\"><strong>LDG OBRAS Y SERVICIOS, S.L. <\/strong>le informa que tiene implantadas las medidas de seguridad de \u00edndole t\u00e9cnica y organizativas necesarias que garanticen la seguridad de sus datos de car\u00e1cter personal y eviten su alteraci\u00f3n, p\u00e9rdida, tratamiento y\/o acceso no autorizado, seg\u00fan lo dispuesto en la Ley Org\u00e1nica 3\/2018, de 5 de diciembre, de Protecci\u00f3n de Datos Personales y garant\u00eda de los derechos digitales.<\/p>\n<p style=\"font-weight: 400;\">\n<p style=\"font-weight: 400;\"><strong>Legislaci\u00f3n aplicable y jurisdicci\u00f3n<\/strong><\/p>\n<p style=\"font-weight: 400;\"><strong>\u00a0<\/strong><\/p>\n<p style=\"font-weight: 400;\">Este Aviso Legal se rige en todos y cada uno de sus extremos por la ley espa\u00f1ola, siendo competentes para la resoluci\u00f3n de cualquier conflicto derivado o relacionado con el uso de este portal los Juzgados y Tribunales de Valencia.<\/p>\n<p>[\/et_pb_text][\/et_pb_column][\/et_pb_row][\/et_pb_section]<\/p>","protected":false},"excerpt":{"rendered":"<p>AVISO LEGAL En cumplimiento de la Ley 34\/2002, de 11 de Julio, de Servicios de la Sociedad de la Informaci\u00f3n y del Comercio Electr\u00f3nico le comunicamos la siguiente informaci\u00f3n: Titular de este sitio: LDG OBRAS Y SERVICIOS, S.L. C\/Mallorca, 2 dpcho. 112 P.I. La Reva de Ribarroja, Valencia (46190) CIF: B-98442668 Telf.: 96 107 01 [&hellip;]<\/p>","protected":false},"author":1,"featured_media":0,"parent":0,"menu_order":0,"comment_status":"closed","ping_status":"closed","template":"","meta":{"_et_pb_use_builder":"on","_et_pb_old_content":"","_et_gb_content_width":"","footnotes":""},"class_list":["post-11","page","type-page","status-publish","hentry"],"yoast_head":"<!-- This site is optimized with the Yoast SEO plugin v24.7 - https:\/\/yoast.com\/wordpress\/plugins\/seo\/ -->\n<title>Aviso Legal - LDG Construcci\u00f3n<\/title>\n<meta name=\"robots\" content=\"index, follow, max-snippet:-1, max-image-preview:large, max-video-preview:-1\" \/>\n<link rel=\"canonical\" href=\"https:\/\/ldgconstruccion.com\/en\/aviso-legal\/\" \/>\n<meta property=\"og:locale\" content=\"en_GB\" \/>\n<meta property=\"og:type\" content=\"article\" \/>\n<meta property=\"og:title\" content=\"Aviso Legal - LDG Construcci\u00f3n\" \/>\n<meta property=\"og:description\" content=\"AVISO LEGAL En cumplimiento de la Ley 34\/2002, de 11 de Julio, de Servicios de la Sociedad de la Informaci\u00f3n y del Comercio Electr\u00f3nico le comunicamos la siguiente informaci\u00f3n: Titular de este sitio: LDG OBRAS Y SERVICIOS, S.L. C\/Mallorca, 2 dpcho. 112 P.I. La Reva de Ribarroja, Valencia (46190) CIF: B-98442668 Telf.: 96 107 01 [&hellip;]\" \/>\n<meta property=\"og:url\" content=\"https:\/\/ldgconstruccion.com\/en\/aviso-legal\/\" \/>\n<meta property=\"og:site_name\" content=\"LDG Construcci\u00f3n\" \/>\n<meta property=\"article:modified_time\" content=\"2023-08-18T11:10:36+00:00\" \/>\n<meta name=\"twitter:card\" content=\"summary_large_image\" \/>\n<meta name=\"twitter:label1\" content=\"Estimated reading time\" \/>\n\t<meta name=\"twitter:data1\" content=\"4 minutes\" \/>\n<script type=\"application\/ld+json\" class=\"yoast-schema-graph\">{\"@context\":\"https:\/\/schema.org\",\"@graph\":[{\"@type\":\"WebPage\",\"@id\":\"https:\/\/ldgconstruccion.com\/aviso-legal\/\",\"url\":\"https:\/\/ldgconstruccion.com\/aviso-legal\/\",\"name\":\"Aviso Legal - LDG Construcci\u00f3n\",\"isPartOf\":{\"@id\":\"https:\/\/ldgconstruccion.com\/#website\"},\"datePublished\":\"2021-10-25T14:50:07+00:00\",\"dateModified\":\"2023-08-18T11:10:36+00:00\",\"breadcrumb\":{\"@id\":\"https:\/\/ldgconstruccion.com\/aviso-legal\/#breadcrumb\"},\"inLanguage\":\"en-GB\",\"potentialAction\":[{\"@type\":\"ReadAction\",\"target\":[\"https:\/\/ldgconstruccion.com\/aviso-legal\/\"]}]},{\"@type\":\"BreadcrumbList\",\"@id\":\"https:\/\/ldgconstruccion.com\/aviso-legal\/#breadcrumb\",\"itemListElement\":[{\"@type\":\"ListItem\",\"position\":1,\"name\":\"Portada\",\"item\":\"https:\/\/ldgconstruccion.com\/\"},{\"@type\":\"ListItem\",\"position\":2,\"name\":\"Aviso Legal\"}]},{\"@type\":\"WebSite\",\"@id\":\"https:\/\/ldgconstruccion.com\/#website\",\"url\":\"https:\/\/ldgconstruccion.com\/\",\"name\":\"LDG Construcci\u00f3n\",\"description\":\"Industrial - Residencial\",\"potentialAction\":[{\"@type\":\"SearchAction\",\"target\":{\"@type\":\"EntryPoint\",\"urlTemplate\":\"https:\/\/ldgconstruccion.com\/?s={search_term_string}\"},\"query-input\":{\"@type\":\"PropertyValueSpecification\",\"valueRequired\":true,\"valueName\":\"search_term_string\"}}],\"inLanguage\":\"en-GB\"}]}<\/script>\n<!-- \/ Yoast SEO plugin. -->","yoast_head_json":{"title":"Aviso Legal - LDG Construcci\u00f3n","robots":{"index":"index","follow":"follow","max-snippet":"max-snippet:-1","max-image-preview":"max-image-preview:large","max-video-preview":"max-video-preview:-1"},"canonical":"https:\/\/ldgconstruccion.com\/en\/aviso-legal\/","og_locale":"en_GB","og_type":"article","og_title":"Aviso Legal - LDG Construcci\u00f3n","og_description":"AVISO LEGAL En cumplimiento de la Ley 34\/2002, de 11 de Julio, de Servicios de la Sociedad de la Informaci\u00f3n y del Comercio Electr\u00f3nico le comunicamos la siguiente informaci\u00f3n: Titular de este sitio: LDG OBRAS Y SERVICIOS, S.L. C\/Mallorca, 2 dpcho. 112 P.I. La Reva de Ribarroja, Valencia (46190) CIF: B-98442668 Telf.: 96 107 01 [&hellip;]","og_url":"https:\/\/ldgconstruccion.com\/en\/aviso-legal\/","og_site_name":"LDG Construcci\u00f3n","article_modified_time":"2023-08-18T11:10:36+00:00","twitter_card":"summary_large_image","twitter_misc":{"Estimated reading time":"4 minutes"},"schema":{"@context":"https:\/\/schema.org","@graph":[{"@type":"WebPage","@id":"https:\/\/ldgconstruccion.com\/aviso-legal\/","url":"https:\/\/ldgconstruccion.com\/aviso-legal\/","name":"Aviso Legal - LDG Construcci\u00f3n","isPartOf":{"@id":"https:\/\/ldgconstruccion.com\/#website"},"datePublished":"2021-10-25T14:50:07+00:00","dateModified":"2023-08-18T11:10:36+00:00","breadcrumb":{"@id":"https:\/\/ldgconstruccion.com\/aviso-legal\/#breadcrumb"},"inLanguage":"en-GB","potentialAction":[{"@type":"ReadAction","target":["https:\/\/ldgconstruccion.com\/aviso-legal\/"]}]},{"@type":"BreadcrumbList","@id":"https:\/\/ldgconstruccion.com\/aviso-legal\/#breadcrumb","itemListElement":[{"@type":"ListItem","position":1,"name":"Portada","item":"https:\/\/ldgconstruccion.com\/"},{"@type":"ListItem","position":2,"name":"Aviso Legal"}]},{"@type":"WebSite","@id":"https:\/\/ldgconstruccion.com\/#website","url":"https:\/\/ldgconstruccion.com\/","name":"LDG Construcci\u00f3n","description":"Industrial - Residencial","potentialAction":[{"@type":"SearchAction","target":{"@type":"EntryPoint","urlTemplate":"https:\/\/ldgconstruccion.com\/?s={search_term_string}"},"query-input":{"@type":"PropertyValueSpecification","valueRequired":true,"valueName":"search_term_string"}}],"inLanguage":"en-GB"}]}},"_links":{"self":[{"href":"https:\/\/ldgconstruccion.com\/en\/wp-json\/wp\/v2\/pages\/11"}],"collection":[{"href":"https:\/\/ldgconstruccion.com\/en\/wp-json\/wp\/v2\/pages"}],"about":[{"href":"https:\/\/ldgconstruccion.com\/en\/wp-json\/wp\/v2\/types\/page"}],"author":[{"embeddable":true,"href":"https:\/\/ldgconstruccion.com\/en\/wp-json\/wp\/v2\/users\/1"}],"replies":[{"embeddable":true,"href":"https:\/\/ldgconstruccion.com\/en\/wp-json\/wp\/v2\/comments?post=11"}],"version-history":[{"count":16,"href":"https:\/\/ldgconstruccion.com\/en\/wp-json\/wp\/v2\/pages\/11\/revisions"}],"predecessor-version":[{"id":7515,"href":"https:\/\/ldgconstruccion.com\/en\/wp-json\/wp\/v2\/pages\/11\/revisions\/7515"}],"wp:attachment":[{"href":"https:\/\/ldgconstruccion.com\/en\/wp-json\/wp\/v2\/media?parent=11"}],"curies":[{"name":"wp","href":"https:\/\/api.w.org\/{rel}","templated":true}]}}